{"id":5590,"date":"2021-05-11T07:41:34","date_gmt":"2021-05-11T07:41:34","guid":{"rendered":"https:\/\/equestris.hr\/?post_type=product&#038;p=5590"},"modified":"2022-02-13T16:33:29","modified_gmt":"2022-02-13T16:33:29","slug":"dubinsko-razumijevanje-okoline","status":"publish","type":"product","link":"https:\/\/equestris.hr\/eng\/product\/dubinsko-razumijevanje-okoline\/","title":{"rendered":"In-Depth Landscape Understanding"},"content":{"rendered":"","protected":false},"excerpt":{"rendered":"<p>This module deals with the preparation of detailed analyzes of the existing regulatory framework, the current political situation and social and traditional media.<\/p>\n<p>It also offers advanced knowledge from qualitative and quantitative studies, testing messages, creating socio-economic scenarios and determining the desired effects.<\/p>","protected":false},"featured_media":5545,"comment_status":"closed","ping_status":"closed","template":"","meta":{"_monsterinsights_skip_tracking":false,"_monsterinsights_sitenote_active":false,"_monsterinsights_sitenote_note":"","_monsterinsights_sitenote_category":0,"site-sidebar-layout":"default","site-content-layout":"default","ast-site-content-layout":"","site-content-style":"default","site-sidebar-style":"default","ast-global-header-display":"","ast-banner-title-visibility":"","ast-main-header-display":"","ast-hfb-above-header-display":"","ast-hfb-below-header-display":"","ast-hfb-mobile-header-display":"","site-post-title":"","ast-breadcrumbs-content":"disabled","ast-featured-img":"","footer-sml-layout":"","theme-transparent-header-meta":"default","adv-header-id-meta":"","stick-header-meta":"","header-above-stick-meta":"","header-main-stick-meta":"","header-below-stick-meta":"","astra-migrate-meta-layouts":"default","ast-page-background-enabled":"default","ast-page-background-meta":{"desktop":{"background-color":"var(--ast-global-color-4)","background-image":"","background-repeat":"repeat","background-position":"center center","background-size":"auto","background-attachment":"scroll","background-type":"","background-media":"","overlay-type":"","overlay-color":"","overlay-opacity":"","overlay-gradient":""},"tablet":{"background-color":"","background-image":"","background-repeat":"repeat","background-position":"center center","background-size":"auto","background-attachment":"scroll","background-type":"","background-media":"","overlay-type":"","overlay-color":"","overlay-opacity":"","overlay-gradient":""},"mobile":{"background-color":"","background-image":"","background-repeat":"repeat","background-position":"center center","background-size":"auto","background-attachment":"scroll","background-type":"","background-media":"","overlay-type":"","overlay-color":"","overlay-opacity":"","overlay-gradient":""}},"ast-content-background-meta":{"desktop":{"background-color":"var(--ast-global-color-5)","background-image":"","background-repeat":"repeat","background-position":"center center","background-size":"auto","background-attachment":"scroll","background-type":"","background-media":"","overlay-type":"","overlay-color":"","overlay-opacity":"","overlay-gradient":""},"tablet":{"background-color":"var(--ast-global-color-5)","background-image":"","background-repeat":"repeat","background-position":"center center","background-size":"auto","background-attachment":"scroll","background-type":"","background-media":"","overlay-type":"","overlay-color":"","overlay-opacity":"","overlay-gradient":""},"mobile":{"background-color":"var(--ast-global-color-5)","background-image":"","background-repeat":"repeat","background-position":"center center","background-size":"auto","background-attachment":"scroll","background-type":"","background-media":"","overlay-type":"","overlay-color":"","overlay-opacity":"","overlay-gradient":""}}},"product_brand":[],"product_cat":[52],"product_tag":[],"class_list":{"0":"post-5590","1":"product","2":"type-product","3":"status-publish","4":"has-post-thumbnail","6":"product_cat-webinar","7":"desktop-align-left","8":"tablet-align-left","9":"mobile-align-left","11":"first","12":"instock","13":"virtual","14":"sold-individually","15":"taxable","16":"purchasable","17":"product-type-simple"},"yoast_head":"<!-- This site is optimized with the Yoast SEO plugin v27.4 - https:\/\/yoast.com\/product\/yoast-seo-wordpress\/ -->\n<title>Dubinsko razumijevanje okoline - EQUESTRIS<\/title>\n<meta name=\"robots\" content=\"index, follow, max-snippet:-1, max-image-preview:large, max-video-preview:-1\" \/>\n<link rel=\"canonical\" href=\"https:\/\/equestris.hr\/eng\/product\/dubinsko-razumijevanje-okoline\/\" \/>\n<meta property=\"og:locale\" content=\"en_GB\" \/>\n<meta property=\"og:type\" content=\"article\" \/>\n<meta property=\"og:title\" content=\"Dubinsko razumijevanje okoline - EQUESTRIS\" \/>\n<meta property=\"og:description\" content=\"Ovaj modul obra\u0111uje izrade detaljnih analiza postoje\u0107eg regulatornog okvira, trenutne politi\u010dke situacije te dru\u0161tvenih i tradicionalnih medija.  Tako\u0111er, nudi i napredna znanja iz kvalitativnih i kvantitativnih studija, testiranja poruka, izrade socioekonomskih scenarija te utvr\u0111ivanja \u017eeljenih u\u010dinaka.\" \/>\n<meta property=\"og:url\" content=\"https:\/\/equestris.hr\/eng\/product\/dubinsko-razumijevanje-okoline\/\" \/>\n<meta property=\"og:site_name\" content=\"EQUESTRIS\" \/>\n<meta property=\"article:modified_time\" content=\"2022-02-13T16:33:29+00:00\" \/>\n<meta property=\"og:image\" content=\"https:\/\/equestris.hr\/wp-content\/uploads\/2021\/05\/Dubinsko-razumijevanje-okoline.jpg\" \/>\n\t<meta property=\"og:image:width\" content=\"1764\" \/>\n\t<meta property=\"og:image:height\" content=\"1173\" \/>\n\t<meta property=\"og:image:type\" content=\"image\/jpeg\" \/>\n<meta name=\"twitter:card\" content=\"summary_large_image\" \/>\n<script type=\"application\/ld+json\" class=\"yoast-schema-graph\">{\"@context\":\"https:\\\/\\\/schema.org\",\"@graph\":[{\"@type\":\"WebPage\",\"@id\":\"https:\\\/\\\/equestris.hr\\\/product\\\/dubinsko-razumijevanje-okoline\\\/\",\"url\":\"https:\\\/\\\/equestris.hr\\\/product\\\/dubinsko-razumijevanje-okoline\\\/\",\"name\":\"Dubinsko razumijevanje okoline - EQUESTRIS\",\"isPartOf\":{\"@id\":\"https:\\\/\\\/equestris.hr\\\/#website\"},\"primaryImageOfPage\":{\"@id\":\"https:\\\/\\\/equestris.hr\\\/product\\\/dubinsko-razumijevanje-okoline\\\/#primaryimage\"},\"image\":{\"@id\":\"https:\\\/\\\/equestris.hr\\\/product\\\/dubinsko-razumijevanje-okoline\\\/#primaryimage\"},\"thumbnailUrl\":\"https:\\\/\\\/equestris.hr\\\/wp-content\\\/uploads\\\/2021\\\/05\\\/Dubinsko-razumijevanje-okoline.jpg\",\"datePublished\":\"2021-05-11T07:41:34+00:00\",\"dateModified\":\"2022-02-13T16:33:29+00:00\",\"breadcrumb\":{\"@id\":\"https:\\\/\\\/equestris.hr\\\/product\\\/dubinsko-razumijevanje-okoline\\\/#breadcrumb\"},\"inLanguage\":\"en-GB\",\"potentialAction\":[{\"@type\":\"ReadAction\",\"target\":[\"https:\\\/\\\/equestris.hr\\\/product\\\/dubinsko-razumijevanje-okoline\\\/\"]}]},{\"@type\":\"ImageObject\",\"inLanguage\":\"en-GB\",\"@id\":\"https:\\\/\\\/equestris.hr\\\/product\\\/dubinsko-razumijevanje-okoline\\\/#primaryimage\",\"url\":\"https:\\\/\\\/equestris.hr\\\/wp-content\\\/uploads\\\/2021\\\/05\\\/Dubinsko-razumijevanje-okoline.jpg\",\"contentUrl\":\"https:\\\/\\\/equestris.hr\\\/wp-content\\\/uploads\\\/2021\\\/05\\\/Dubinsko-razumijevanje-okoline.jpg\",\"width\":1764,\"height\":1173},{\"@type\":\"BreadcrumbList\",\"@id\":\"https:\\\/\\\/equestris.hr\\\/product\\\/dubinsko-razumijevanje-okoline\\\/#breadcrumb\",\"itemListElement\":[{\"@type\":\"ListItem\",\"position\":1,\"name\":\"Home\",\"item\":\"https:\\\/\\\/equestris.hr\\\/\"},{\"@type\":\"ListItem\",\"position\":2,\"name\":\"Shop\",\"item\":\"https:\\\/\\\/equestris.hr\\\/equestrisshop\\\/\"},{\"@type\":\"ListItem\",\"position\":3,\"name\":\"Dubinsko razumijevanje okoline\"}]},{\"@type\":\"WebSite\",\"@id\":\"https:\\\/\\\/equestris.hr\\\/#website\",\"url\":\"https:\\\/\\\/equestris.hr\\\/\",\"name\":\"EQUESTRIS\",\"description\":\"\",\"publisher\":{\"@id\":\"https:\\\/\\\/equestris.hr\\\/#organization\"},\"potentialAction\":[{\"@type\":\"SearchAction\",\"target\":{\"@type\":\"EntryPoint\",\"urlTemplate\":\"https:\\\/\\\/equestris.hr\\\/?s={search_term_string}\"},\"query-input\":{\"@type\":\"PropertyValueSpecification\",\"valueRequired\":true,\"valueName\":\"search_term_string\"}}],\"inLanguage\":\"en-GB\"},{\"@type\":\"Organization\",\"@id\":\"https:\\\/\\\/equestris.hr\\\/#organization\",\"name\":\"EQUESTRIS\",\"url\":\"https:\\\/\\\/equestris.hr\\\/\",\"logo\":{\"@type\":\"ImageObject\",\"inLanguage\":\"en-GB\",\"@id\":\"https:\\\/\\\/equestris.hr\\\/#\\\/schema\\\/logo\\\/image\\\/\",\"url\":\"https:\\\/\\\/equestris.hr\\\/wp-content\\\/uploads\\\/2021\\\/04\\\/cropped-eqestris-logo.png\",\"contentUrl\":\"https:\\\/\\\/equestris.hr\\\/wp-content\\\/uploads\\\/2021\\\/04\\\/cropped-eqestris-logo.png\",\"width\":246,\"height\":100,\"caption\":\"EQUESTRIS\"},\"image\":{\"@id\":\"https:\\\/\\\/equestris.hr\\\/#\\\/schema\\\/logo\\\/image\\\/\"}}]}<\/script>\n<!-- \/ Yoast SEO plugin. -->","yoast_head_json":{"title":"Dubinsko razumijevanje okoline - EQUESTRIS","robots":{"index":"index","follow":"follow","max-snippet":"max-snippet:-1","max-image-preview":"max-image-preview:large","max-video-preview":"max-video-preview:-1"},"canonical":"https:\/\/equestris.hr\/eng\/product\/dubinsko-razumijevanje-okoline\/","og_locale":"en_GB","og_type":"article","og_title":"Dubinsko razumijevanje okoline - EQUESTRIS","og_description":"Ovaj modul obra\u0111uje izrade detaljnih analiza postoje\u0107eg regulatornog okvira, trenutne politi\u010dke situacije te dru\u0161tvenih i tradicionalnih medija.  Tako\u0111er, nudi i napredna znanja iz kvalitativnih i kvantitativnih studija, testiranja poruka, izrade socioekonomskih scenarija te utvr\u0111ivanja \u017eeljenih u\u010dinaka.","og_url":"https:\/\/equestris.hr\/eng\/product\/dubinsko-razumijevanje-okoline\/","og_site_name":"EQUESTRIS","article_modified_time":"2022-02-13T16:33:29+00:00","og_image":[{"width":1764,"height":1173,"url":"https:\/\/equestris.hr\/wp-content\/uploads\/2021\/05\/Dubinsko-razumijevanje-okoline.jpg","type":"image\/jpeg"}],"twitter_card":"summary_large_image","schema":{"@context":"https:\/\/schema.org","@graph":[{"@type":"WebPage","@id":"https:\/\/equestris.hr\/product\/dubinsko-razumijevanje-okoline\/","url":"https:\/\/equestris.hr\/product\/dubinsko-razumijevanje-okoline\/","name":"Dubinsko razumijevanje okoline - EQUESTRIS","isPartOf":{"@id":"https:\/\/equestris.hr\/#website"},"primaryImageOfPage":{"@id":"https:\/\/equestris.hr\/product\/dubinsko-razumijevanje-okoline\/#primaryimage"},"image":{"@id":"https:\/\/equestris.hr\/product\/dubinsko-razumijevanje-okoline\/#primaryimage"},"thumbnailUrl":"https:\/\/equestris.hr\/wp-content\/uploads\/2021\/05\/Dubinsko-razumijevanje-okoline.jpg","datePublished":"2021-05-11T07:41:34+00:00","dateModified":"2022-02-13T16:33:29+00:00","breadcrumb":{"@id":"https:\/\/equestris.hr\/product\/dubinsko-razumijevanje-okoline\/#breadcrumb"},"inLanguage":"en-GB","potentialAction":[{"@type":"ReadAction","target":["https:\/\/equestris.hr\/product\/dubinsko-razumijevanje-okoline\/"]}]},{"@type":"ImageObject","inLanguage":"en-GB","@id":"https:\/\/equestris.hr\/product\/dubinsko-razumijevanje-okoline\/#primaryimage","url":"https:\/\/equestris.hr\/wp-content\/uploads\/2021\/05\/Dubinsko-razumijevanje-okoline.jpg","contentUrl":"https:\/\/equestris.hr\/wp-content\/uploads\/2021\/05\/Dubinsko-razumijevanje-okoline.jpg","width":1764,"height":1173},{"@type":"BreadcrumbList","@id":"https:\/\/equestris.hr\/product\/dubinsko-razumijevanje-okoline\/#breadcrumb","itemListElement":[{"@type":"ListItem","position":1,"name":"Home","item":"https:\/\/equestris.hr\/"},{"@type":"ListItem","position":2,"name":"Shop","item":"https:\/\/equestris.hr\/equestrisshop\/"},{"@type":"ListItem","position":3,"name":"Dubinsko razumijevanje okoline"}]},{"@type":"WebSite","@id":"https:\/\/equestris.hr\/#website","url":"https:\/\/equestris.hr\/","name":"EQUESTRIS","description":"","publisher":{"@id":"https:\/\/equestris.hr\/#organization"},"potentialAction":[{"@type":"SearchAction","target":{"@type":"EntryPoint","urlTemplate":"https:\/\/equestris.hr\/?s={search_term_string}"},"query-input":{"@type":"PropertyValueSpecification","valueRequired":true,"valueName":"search_term_string"}}],"inLanguage":"en-GB"},{"@type":"Organization","@id":"https:\/\/equestris.hr\/#organization","name":"EQUESTRIS","url":"https:\/\/equestris.hr\/","logo":{"@type":"ImageObject","inLanguage":"en-GB","@id":"https:\/\/equestris.hr\/#\/schema\/logo\/image\/","url":"https:\/\/equestris.hr\/wp-content\/uploads\/2021\/04\/cropped-eqestris-logo.png","contentUrl":"https:\/\/equestris.hr\/wp-content\/uploads\/2021\/04\/cropped-eqestris-logo.png","width":246,"height":100,"caption":"EQUESTRIS"},"image":{"@id":"https:\/\/equestris.hr\/#\/schema\/logo\/image\/"}}]}},"_links":{"self":[{"href":"https:\/\/equestris.hr\/eng\/wp-json\/wp\/v2\/product\/5590","targetHints":{"allow":["GET"]}}],"collection":[{"href":"https:\/\/equestris.hr\/eng\/wp-json\/wp\/v2\/product"}],"about":[{"href":"https:\/\/equestris.hr\/eng\/wp-json\/wp\/v2\/types\/product"}],"replies":[{"embeddable":true,"href":"https:\/\/equestris.hr\/eng\/wp-json\/wp\/v2\/comments?post=5590"}],"wp:featuredmedia":[{"embeddable":true,"href":"https:\/\/equestris.hr\/eng\/wp-json\/wp\/v2\/media\/5545"}],"wp:attachment":[{"href":"https:\/\/equestris.hr\/eng\/wp-json\/wp\/v2\/media?parent=5590"}],"wp:term":[{"taxonomy":"product_brand","embeddable":true,"href":"https:\/\/equestris.hr\/eng\/wp-json\/wp\/v2\/product_brand?post=5590"},{"taxonomy":"product_cat","embeddable":true,"href":"https:\/\/equestris.hr\/eng\/wp-json\/wp\/v2\/product_cat?post=5590"},{"taxonomy":"product_tag","embeddable":true,"href":"https:\/\/equestris.hr\/eng\/wp-json\/wp\/v2\/product_tag?post=5590"}],"curies":[{"name":"wp","href":"https:\/\/api.w.org\/{rel}","templated":true}]}}