{"id":5569,"date":"2021-05-10T20:55:03","date_gmt":"2021-05-10T20:55:03","guid":{"rendered":"https:\/\/equestris.hr\/?post_type=product&#038;p=5569"},"modified":"2024-01-02T09:58:00","modified_gmt":"2024-01-02T09:58:00","slug":"equestris-akademija","status":"publish","type":"product","link":"https:\/\/equestris.hr\/eng\/product\/equestris-akademija\/","title":{"rendered":"EQUESTRIS Academy"},"content":{"rendered":"","protected":false},"excerpt":{"rendered":"<p>EQUESTRIS Akademija za upravljanje komunikacijom, zagovaranjem i lobiranjem sastoji se od osam modula i traje 4 tjedna. Osam modula EQUESTRIS Akademije za za upravljanje komunikacijom, zagovaranjem i lobiranjem su kako slijedi:<\/p>\n<ol>\n<li>In-Depth Landscape Understanding<\/li>\n<li>Goals and Metrics<\/li>\n<li>Business and communication strategy<\/li>\n<li>Developing the Winning Narrative<\/li>\n<li>Stakeholder Mapping<\/li>\n<li>COALITION MOBILIZATION AND GRASSROOTS CAMPAIGN<\/li>\n<li>Campaign planning with 360 degree access (ATL, TTL, BTL)<\/li>\n<li>Plan Monitoring and Learning Mechanisms<\/li>\n<\/ol>\n<p>Expand your knowledge and advance your career! We look forward to your participation!<\/p>","protected":false},"featured_media":1784,"comment_status":"closed","ping_status":"closed","template":"","meta":{"_monsterinsights_skip_tracking":false,"_monsterinsights_sitenote_active":false,"_monsterinsights_sitenote_note":"","_monsterinsights_sitenote_category":0,"site-sidebar-layout":"default","site-content-layout":"default","ast-site-content-layout":"default","site-content-style":"default","site-sidebar-style":"default","ast-global-header-display":"","ast-banner-title-visibility":"","ast-main-header-display":"","ast-hfb-above-header-display":"","ast-hfb-below-header-display":"","ast-hfb-mobile-header-display":"","site-post-title":"","ast-breadcrumbs-content":"disabled","ast-featured-img":"","footer-sml-layout":"","theme-transparent-header-meta":"default","adv-header-id-meta":"","stick-header-meta":"","header-above-stick-meta":"","header-main-stick-meta":"","header-below-stick-meta":"","astra-migrate-meta-layouts":"set","ast-page-background-enabled":"default","ast-page-background-meta":{"desktop":{"background-color":"var(--ast-global-color-4)","background-image":"","background-repeat":"repeat","background-position":"center center","background-size":"auto","background-attachment":"scroll","background-type":"","background-media":"","overlay-type":"","overlay-color":"","overlay-opacity":"","overlay-gradient":""},"tablet":{"background-color":"","background-image":"","background-repeat":"repeat","background-position":"center center","background-size":"auto","background-attachment":"scroll","background-type":"","background-media":"","overlay-type":"","overlay-color":"","overlay-opacity":"","overlay-gradient":""},"mobile":{"background-color":"","background-image":"","background-repeat":"repeat","background-position":"center center","background-size":"auto","background-attachment":"scroll","background-type":"","background-media":"","overlay-type":"","overlay-color":"","overlay-opacity":"","overlay-gradient":""}},"ast-content-background-meta":{"desktop":{"background-color":"var(--ast-global-color-5)","background-image":"","background-repeat":"repeat","background-position":"center center","background-size":"auto","background-attachment":"scroll","background-type":"","background-media":"","overlay-type":"","overlay-color":"","overlay-opacity":"","overlay-gradient":""},"tablet":{"background-color":"var(--ast-global-color-5)","background-image":"","background-repeat":"repeat","background-position":"center center","background-size":"auto","background-attachment":"scroll","background-type":"","background-media":"","overlay-type":"","overlay-color":"","overlay-opacity":"","overlay-gradient":""},"mobile":{"background-color":"var(--ast-global-color-5)","background-image":"","background-repeat":"repeat","background-position":"center center","background-size":"auto","background-attachment":"scroll","background-type":"","background-media":"","overlay-type":"","overlay-color":"","overlay-opacity":"","overlay-gradient":""}}},"product_brand":[],"product_cat":[50],"product_tag":[],"class_list":{"0":"post-5569","1":"product","2":"type-product","3":"status-publish","4":"has-post-thumbnail","6":"product_cat-equestris-akademija","7":"desktop-align-left","8":"tablet-align-left","9":"mobile-align-left","11":"first","12":"instock","13":"virtual","14":"sold-individually","15":"taxable","16":"purchasable","17":"product-type-simple"},"yoast_head":"<!-- This site is optimized with the Yoast SEO plugin v27.4 - https:\/\/yoast.com\/product\/yoast-seo-wordpress\/ -->\n<title>EQUESTRIS Akademija - EQUESTRIS<\/title>\n<meta name=\"robots\" content=\"index, follow, max-snippet:-1, max-image-preview:large, max-video-preview:-1\" \/>\n<link rel=\"canonical\" href=\"https:\/\/equestris.hr\/eng\/product\/equestris-akademija\/\" \/>\n<meta property=\"og:locale\" content=\"en_GB\" \/>\n<meta property=\"og:type\" content=\"article\" \/>\n<meta property=\"og:title\" content=\"EQUESTRIS Akademija - EQUESTRIS\" \/>\n<meta property=\"og:description\" content=\"EQUESTRIS Akademija za upravljanje komunikacijom, zagovaranjem i lobiranjem sastoji se od osam modula i traje 4 tjedna. Osam modula EQUESTRIS Akademije za za upravljanje komunikacijom, zagovaranjem i lobiranjem su kako slijedi:   Dubinsko razumijevanje okoline  Ciljevi i metrike  Poslovna i komunikacijska strategija  Izrada pobjedni\u010dkog Narativa  Mapiranje i prioritetizacija dionika  Mobilizacija koalicije i Grassroots kampanje  Planiranje kampanje uz pristup 360 stupnjeva (ATL, TTL, BTL)  Pra\u0107enje, evaluacija i mehanizmi u\u010denja  Pro\u0161irite svoja znanja i unaprijedite svoju karijeru! Veselimo se Va\u0161em sudjelovanju!\" \/>\n<meta property=\"og:url\" content=\"https:\/\/equestris.hr\/eng\/product\/equestris-akademija\/\" \/>\n<meta property=\"og:site_name\" content=\"EQUESTRIS\" \/>\n<meta property=\"article:modified_time\" content=\"2024-01-02T09:58:00+00:00\" \/>\n<meta property=\"og:image\" content=\"https:\/\/equestris.hr\/wp-content\/uploads\/2021\/04\/Akademija_sesta-gen_vizual-scaled-1.jpg\" \/>\n\t<meta property=\"og:image:width\" content=\"2560\" \/>\n\t<meta property=\"og:image:height\" content=\"1709\" \/>\n\t<meta property=\"og:image:type\" content=\"image\/jpeg\" \/>\n<meta name=\"twitter:card\" content=\"summary_large_image\" \/>\n<meta name=\"twitter:label1\" content=\"Estimated reading time\" \/>\n\t<meta name=\"twitter:data1\" content=\"1 minute\" \/>\n<script type=\"application\/ld+json\" class=\"yoast-schema-graph\">{\"@context\":\"https:\\\/\\\/schema.org\",\"@graph\":[{\"@type\":\"WebPage\",\"@id\":\"https:\\\/\\\/equestris.hr\\\/product\\\/equestris-akademija\\\/\",\"url\":\"https:\\\/\\\/equestris.hr\\\/product\\\/equestris-akademija\\\/\",\"name\":\"EQUESTRIS Akademija - EQUESTRIS\",\"isPartOf\":{\"@id\":\"https:\\\/\\\/equestris.hr\\\/#website\"},\"primaryImageOfPage\":{\"@id\":\"https:\\\/\\\/equestris.hr\\\/product\\\/equestris-akademija\\\/#primaryimage\"},\"image\":{\"@id\":\"https:\\\/\\\/equestris.hr\\\/product\\\/equestris-akademija\\\/#primaryimage\"},\"thumbnailUrl\":\"https:\\\/\\\/equestris.hr\\\/wp-content\\\/uploads\\\/2021\\\/04\\\/Akademija_sesta-gen_vizual-scaled-1.jpg\",\"datePublished\":\"2021-05-10T20:55:03+00:00\",\"dateModified\":\"2024-01-02T09:58:00+00:00\",\"breadcrumb\":{\"@id\":\"https:\\\/\\\/equestris.hr\\\/product\\\/equestris-akademija\\\/#breadcrumb\"},\"inLanguage\":\"en-GB\",\"potentialAction\":[{\"@type\":\"ReadAction\",\"target\":[\"https:\\\/\\\/equestris.hr\\\/product\\\/equestris-akademija\\\/\"]}]},{\"@type\":\"ImageObject\",\"inLanguage\":\"en-GB\",\"@id\":\"https:\\\/\\\/equestris.hr\\\/product\\\/equestris-akademija\\\/#primaryimage\",\"url\":\"https:\\\/\\\/equestris.hr\\\/wp-content\\\/uploads\\\/2021\\\/04\\\/Akademija_sesta-gen_vizual-scaled-1.jpg\",\"contentUrl\":\"https:\\\/\\\/equestris.hr\\\/wp-content\\\/uploads\\\/2021\\\/04\\\/Akademija_sesta-gen_vizual-scaled-1.jpg\",\"width\":2560,\"height\":1709},{\"@type\":\"BreadcrumbList\",\"@id\":\"https:\\\/\\\/equestris.hr\\\/product\\\/equestris-akademija\\\/#breadcrumb\",\"itemListElement\":[{\"@type\":\"ListItem\",\"position\":1,\"name\":\"Home\",\"item\":\"https:\\\/\\\/equestris.hr\\\/\"},{\"@type\":\"ListItem\",\"position\":2,\"name\":\"Shop\",\"item\":\"https:\\\/\\\/equestris.hr\\\/equestrisshop\\\/\"},{\"@type\":\"ListItem\",\"position\":3,\"name\":\"EQUESTRIS Akademija\"}]},{\"@type\":\"WebSite\",\"@id\":\"https:\\\/\\\/equestris.hr\\\/#website\",\"url\":\"https:\\\/\\\/equestris.hr\\\/\",\"name\":\"EQUESTRIS\",\"description\":\"\",\"publisher\":{\"@id\":\"https:\\\/\\\/equestris.hr\\\/#organization\"},\"potentialAction\":[{\"@type\":\"SearchAction\",\"target\":{\"@type\":\"EntryPoint\",\"urlTemplate\":\"https:\\\/\\\/equestris.hr\\\/?s={search_term_string}\"},\"query-input\":{\"@type\":\"PropertyValueSpecification\",\"valueRequired\":true,\"valueName\":\"search_term_string\"}}],\"inLanguage\":\"en-GB\"},{\"@type\":\"Organization\",\"@id\":\"https:\\\/\\\/equestris.hr\\\/#organization\",\"name\":\"EQUESTRIS\",\"url\":\"https:\\\/\\\/equestris.hr\\\/\",\"logo\":{\"@type\":\"ImageObject\",\"inLanguage\":\"en-GB\",\"@id\":\"https:\\\/\\\/equestris.hr\\\/#\\\/schema\\\/logo\\\/image\\\/\",\"url\":\"https:\\\/\\\/equestris.hr\\\/wp-content\\\/uploads\\\/2021\\\/04\\\/cropped-eqestris-logo.png\",\"contentUrl\":\"https:\\\/\\\/equestris.hr\\\/wp-content\\\/uploads\\\/2021\\\/04\\\/cropped-eqestris-logo.png\",\"width\":246,\"height\":100,\"caption\":\"EQUESTRIS\"},\"image\":{\"@id\":\"https:\\\/\\\/equestris.hr\\\/#\\\/schema\\\/logo\\\/image\\\/\"}}]}<\/script>\n<!-- \/ Yoast SEO plugin. -->","yoast_head_json":{"title":"EQUESTRIS Akademija - EQUESTRIS","robots":{"index":"index","follow":"follow","max-snippet":"max-snippet:-1","max-image-preview":"max-image-preview:large","max-video-preview":"max-video-preview:-1"},"canonical":"https:\/\/equestris.hr\/eng\/product\/equestris-akademija\/","og_locale":"en_GB","og_type":"article","og_title":"EQUESTRIS Akademija - EQUESTRIS","og_description":"EQUESTRIS Akademija za upravljanje komunikacijom, zagovaranjem i lobiranjem sastoji se od osam modula i traje 4 tjedna. Osam modula EQUESTRIS Akademije za za upravljanje komunikacijom, zagovaranjem i lobiranjem su kako slijedi:   Dubinsko razumijevanje okoline  Ciljevi i metrike  Poslovna i komunikacijska strategija  Izrada pobjedni\u010dkog Narativa  Mapiranje i prioritetizacija dionika  Mobilizacija koalicije i Grassroots kampanje  Planiranje kampanje uz pristup 360 stupnjeva (ATL, TTL, BTL)  Pra\u0107enje, evaluacija i mehanizmi u\u010denja  Pro\u0161irite svoja znanja i unaprijedite svoju karijeru! Veselimo se Va\u0161em sudjelovanju!","og_url":"https:\/\/equestris.hr\/eng\/product\/equestris-akademija\/","og_site_name":"EQUESTRIS","article_modified_time":"2024-01-02T09:58:00+00:00","og_image":[{"width":2560,"height":1709,"url":"https:\/\/equestris.hr\/wp-content\/uploads\/2021\/04\/Akademija_sesta-gen_vizual-scaled-1.jpg","type":"image\/jpeg"}],"twitter_card":"summary_large_image","twitter_misc":{"Estimated reading time":"1 minute"},"schema":{"@context":"https:\/\/schema.org","@graph":[{"@type":"WebPage","@id":"https:\/\/equestris.hr\/product\/equestris-akademija\/","url":"https:\/\/equestris.hr\/product\/equestris-akademija\/","name":"EQUESTRIS Akademija - EQUESTRIS","isPartOf":{"@id":"https:\/\/equestris.hr\/#website"},"primaryImageOfPage":{"@id":"https:\/\/equestris.hr\/product\/equestris-akademija\/#primaryimage"},"image":{"@id":"https:\/\/equestris.hr\/product\/equestris-akademija\/#primaryimage"},"thumbnailUrl":"https:\/\/equestris.hr\/wp-content\/uploads\/2021\/04\/Akademija_sesta-gen_vizual-scaled-1.jpg","datePublished":"2021-05-10T20:55:03+00:00","dateModified":"2024-01-02T09:58:00+00:00","breadcrumb":{"@id":"https:\/\/equestris.hr\/product\/equestris-akademija\/#breadcrumb"},"inLanguage":"en-GB","potentialAction":[{"@type":"ReadAction","target":["https:\/\/equestris.hr\/product\/equestris-akademija\/"]}]},{"@type":"ImageObject","inLanguage":"en-GB","@id":"https:\/\/equestris.hr\/product\/equestris-akademija\/#primaryimage","url":"https:\/\/equestris.hr\/wp-content\/uploads\/2021\/04\/Akademija_sesta-gen_vizual-scaled-1.jpg","contentUrl":"https:\/\/equestris.hr\/wp-content\/uploads\/2021\/04\/Akademija_sesta-gen_vizual-scaled-1.jpg","width":2560,"height":1709},{"@type":"BreadcrumbList","@id":"https:\/\/equestris.hr\/product\/equestris-akademija\/#breadcrumb","itemListElement":[{"@type":"ListItem","position":1,"name":"Home","item":"https:\/\/equestris.hr\/"},{"@type":"ListItem","position":2,"name":"Shop","item":"https:\/\/equestris.hr\/equestrisshop\/"},{"@type":"ListItem","position":3,"name":"EQUESTRIS Akademija"}]},{"@type":"WebSite","@id":"https:\/\/equestris.hr\/#website","url":"https:\/\/equestris.hr\/","name":"EQUESTRIS","description":"","publisher":{"@id":"https:\/\/equestris.hr\/#organization"},"potentialAction":[{"@type":"SearchAction","target":{"@type":"EntryPoint","urlTemplate":"https:\/\/equestris.hr\/?s={search_term_string}"},"query-input":{"@type":"PropertyValueSpecification","valueRequired":true,"valueName":"search_term_string"}}],"inLanguage":"en-GB"},{"@type":"Organization","@id":"https:\/\/equestris.hr\/#organization","name":"EQUESTRIS","url":"https:\/\/equestris.hr\/","logo":{"@type":"ImageObject","inLanguage":"en-GB","@id":"https:\/\/equestris.hr\/#\/schema\/logo\/image\/","url":"https:\/\/equestris.hr\/wp-content\/uploads\/2021\/04\/cropped-eqestris-logo.png","contentUrl":"https:\/\/equestris.hr\/wp-content\/uploads\/2021\/04\/cropped-eqestris-logo.png","width":246,"height":100,"caption":"EQUESTRIS"},"image":{"@id":"https:\/\/equestris.hr\/#\/schema\/logo\/image\/"}}]}},"_links":{"self":[{"href":"https:\/\/equestris.hr\/eng\/wp-json\/wp\/v2\/product\/5569","targetHints":{"allow":["GET"]}}],"collection":[{"href":"https:\/\/equestris.hr\/eng\/wp-json\/wp\/v2\/product"}],"about":[{"href":"https:\/\/equestris.hr\/eng\/wp-json\/wp\/v2\/types\/product"}],"replies":[{"embeddable":true,"href":"https:\/\/equestris.hr\/eng\/wp-json\/wp\/v2\/comments?post=5569"}],"wp:featuredmedia":[{"embeddable":true,"href":"https:\/\/equestris.hr\/eng\/wp-json\/wp\/v2\/media\/1784"}],"wp:attachment":[{"href":"https:\/\/equestris.hr\/eng\/wp-json\/wp\/v2\/media?parent=5569"}],"wp:term":[{"taxonomy":"product_brand","embeddable":true,"href":"https:\/\/equestris.hr\/eng\/wp-json\/wp\/v2\/product_brand?post=5569"},{"taxonomy":"product_cat","embeddable":true,"href":"https:\/\/equestris.hr\/eng\/wp-json\/wp\/v2\/product_cat?post=5569"},{"taxonomy":"product_tag","embeddable":true,"href":"https:\/\/equestris.hr\/eng\/wp-json\/wp\/v2\/product_tag?post=5569"}],"curies":[{"name":"wp","href":"https:\/\/api.w.org\/{rel}","templated":true}]}}