{"id":5616,"date":"2021-05-11T14:11:45","date_gmt":"2021-05-11T14:11:45","guid":{"rendered":"https:\/\/equestris.hr\/?page_id=5616"},"modified":"2021-05-11T14:58:06","modified_gmt":"2021-05-11T14:58:06","slug":"kolacici","status":"publish","type":"page","link":"https:\/\/equestris.hr\/eng\/kolacici\/","title":{"rendered":"Kola\u010di\u0107i"},"content":{"rendered":"<div data-elementor-type=\"wp-page\" data-elementor-id=\"5616\" class=\"elementor elementor-5616\">\n\t\t\t\t\t\t<section class=\"elementor-section elementor-top-section elementor-element elementor-element-79f00b5 elementor-section-boxed elementor-section-height-default elementor-section-height-default\" data-id=\"79f00b5\" data-element_type=\"section\">\n\t\t\t\t\t\t<div class=\"elementor-container elementor-column-gap-default\">\n\t\t\t\t\t<div class=\"elementor-column elementor-col-100 elementor-top-column elementor-element elementor-element-9c4b131\" data-id=\"9c4b131\" data-element_type=\"column\">\n\t\t\t<div class=\"elementor-widget-wrap elementor-element-populated\">\n\t\t\t\t\t\t<div class=\"elementor-element elementor-element-ae5ef7a elementor-widget elementor-widget-heading\" data-id=\"ae5ef7a\" data-element_type=\"widget\" data-widget_type=\"heading.default\">\n\t\t\t\t<div class=\"elementor-widget-container\">\n\t\t\t\t\t<h2 class=\"elementor-heading-title elementor-size-default\">COOKIES<\/h2>\t\t\t\t<\/div>\n\t\t\t\t<\/div>\n\t\t\t\t\t<\/div>\n\t\t<\/div>\n\t\t\t\t\t<\/div>\n\t\t<\/section>\n\t\t\t\t<section class=\"elementor-section elementor-top-section elementor-element elementor-element-1ebed10 elementor-section-boxed elementor-section-height-default elementor-section-height-default\" data-id=\"1ebed10\" data-element_type=\"section\">\n\t\t\t\t\t\t<div class=\"elementor-container elementor-column-gap-default\">\n\t\t\t\t\t<div class=\"elementor-column elementor-col-100 elementor-top-column elementor-element elementor-element-2bf9bd4\" data-id=\"2bf9bd4\" data-element_type=\"column\">\n\t\t\t<div class=\"elementor-widget-wrap elementor-element-populated\">\n\t\t\t\t\t\t<div class=\"elementor-element elementor-element-a509068 elementor-widget elementor-widget-text-editor\" data-id=\"a509068\" data-element_type=\"widget\" data-widget_type=\"text-editor.default\">\n\t\t\t\t<div class=\"elementor-widget-container\">\n\t\t\t\t\t\t\t\t\t<div class=\"single_blog_content_holder\"><p>Cookies are short information which is sent to your browser by a given website you are visiting; this enables certain settings to be stored, like the language you use to browse the Internet. Our website uses cookies so we could improve your user experience, keep track of the number of visits on our site, and adjust the way certain ads are shown. You can adjust your cookies settings in your web browser.<\/p><p><strong>How cookies work:<\/strong><\/p><p>Cookies usually contain information on certain settings you use (like your preferred language or your location). That way the next time you visit this same website, your Internet browser sends the already stored cookies back to the website. Because of this, the website can process and show information specifically adjusted to your personal needs and browsing habits, i.e. adjusted to your previous visit to a given website.<\/p><p>Cookies may contain a wide range of information, including personal information (like your name or your email address). However, this information can only be stored if you allow it to. Websites cannot get access to information you have not provided, and they cannot access other files on your computer or mobile device.<\/p><p><strong>Why cookies are useful:<\/strong><\/p><p>On trustworthy websites, cookies can enhance your experience because they remember your wants and needs. They skip the tedious login process once you\u2019ve done it the first time. They make it easier for you to use the website, and the ads you see on it are determined by your own search and browsing history to display only certain topics and items. Cookies also allow us to track the number of visits on our website, which helps our business to sell ad space.<\/p><p>These actions of sending and receiving cookies are not directly visible. However, you can change the settings in your internet browser, so you can choose for yourself whether to allow or reject specific cookies requests. You can also enable clearing all stored cookies automatically whenever you close your web browser.<\/p><p><strong>Types of cookies:<\/strong><\/p><p class=\"translation-block\"><strong>Temporary or session cookies<\/strong> \u2013 these are cleared from your computer when you close your web browser. They enable websites to story temporary data, like the items you put in your cart during online shopping.<\/p><p class=\"translation-block\"><strong>First-party cookies<\/strong> \u2013 these come from the given website you visit. They can be temporary or persistent. First-party cookies allow a website to store data to be reused when you visit the same website again.<\/p><p><strong>Kola\u010di\u0107i prve strane<\/strong> &#8211; oni dolaze s odre\u0111ene web stranice koju posjetite. Mogu biti privremeni ili trajni. Kola\u010di\u0107i prve strane omogu\u0107uju web mjestu da pohrani podatke za ponovnu upotrebu kada ponovno posjetite isto web mjesto.<\/p><p class=\"translation-block\"><strong>Third-party cookies <\/strong>\u2013 these are used by ads and other third\u2011party websites, the code of which appears over a given website you are visiting.<\/p><p><strong>Why this site uses cookies:<\/strong><\/p><ul><li>To provide you an enhanced user experience<\/li><li>To track and analyze data on usage and visits on our website<\/li><li>To display ads<\/li><li>To ensure webpages are displayed properly (in cases where this is necessary)<\/li><li>Cookies are used only as listed above and we never use them to store your personal data<\/li><\/ul><p>Most websites follow this exact or similar practice, and according to EU directive dated March 3rd 2011, we are required to ask for your consent before storing any data.<\/p><p>Visiting our website implies your consent to allowing cookies. If you turn off and\/or block cookies from our site, you can still browse our website, but there is a possibility that not all its content or functions will be available to you.<\/p><p><strong>Tracking usage\/visits and advertising:<\/strong><\/p><p>We use Google Analytics to measure traffic on our website. If you want to turn off cookies, you may do so on the following link:<\/p><p>Google Analytics: https:\/\/tools.google.com\/dlpage\/gaoptout<\/p><p class=\"translation-block\">Besides the Google AdWords advertising system, other advertising systems which our ad partners use may also store cookies, for example: OpenX Source, Gemius, Your Online Choices, Opt Out From Online Behavioral Advertising.<br>\nFind out more on this link: http:\/\/www.google.com\/privacy_ads.html<\/p><p><strong>How to enable\/disable cookies:<\/strong><\/p><p>By enabling or disabling cookies, you decide whether to allow cookies to be stored on your computer or mobile device. You can change settings in your web browser, following the steps shown in the following links:<\/p><p>Google Chrome: https:\/\/support.google.com\/chrome\/answer\/95582<\/p><p>Mozilla Firefox: https:\/\/support.mozilla.org\/en-US\/kb\/clear-cookies-and-site-data-firefox<\/p><p>Internet Explorer: https:\/\/support.microsoft.com\/en-us\/help\/17442\/windows-internet-explorer-delete-manage-cookies<\/p><p>Opera: http:\/\/www.opera.com\/help\/tutorials\/security\/privacy\/<\/p><p>Safari: https:\/\/support.apple.com\/en-us\/HT201265<\/p><p>Please note:<\/p><p>Blocking all cookies helps protect privacy, but it can limit your browsing experience on certain websites.<\/p><p>\u00a0<\/p><\/div><p>Below is a list of cookies that we use on our site.<\/p>\t\t\t\t\t\t\t\t<\/div>\n\t\t\t\t<\/div>\n\t\t\t\t<div class=\"elementor-element elementor-element-f2bd986 elementor-widget elementor-widget-shortcode\" data-id=\"f2bd986\" data-element_type=\"widget\" data-widget_type=\"shortcode.default\">\n\t\t\t\t<div class=\"elementor-widget-container\">\n\t\t\t\t\t\t\t<div class=\"elementor-shortcode\"><table class=\"cookielawinfo-row-cat-table cookielawinfo-classic\"><thead><tr><th class=\"cookielawinfo-column-1\">Cookie<\/th><th class=\"cookielawinfo-column-2\">Type<\/th><th class=\"cookielawinfo-column-3\">Duration<\/th><th class=\"cookielawinfo-column-4\">Description<\/th><\/tr><\/thead><tbody><tr class=\"cookielawinfo-row\"><td class=\"cookielawinfo-column-1\">CONSENT<\/td><td class=\"cookielawinfo-column-2\"><\/td><td class=\"cookielawinfo-column-3\">16 years 7 months 21 days 9 hours 11 minutes<\/td><td class=\"cookielawinfo-column-4\">No description<\/td><\/tr><tr class=\"cookielawinfo-row\"><td class=\"cookielawinfo-column-1\">cookielawinfo-checbox-analytics<\/td><td class=\"cookielawinfo-column-2\">0<\/td><td class=\"cookielawinfo-column-3\">11 months<\/td><td class=\"cookielawinfo-column-4\">This cookie is set by GDPR Cookie Consent plugin. The cookie is used to store the user consent for the cookies in the category \"Analytics\".<\/td><\/tr><tr class=\"cookielawinfo-row\"><td class=\"cookielawinfo-column-1\">cookielawinfo-checbox-functional<\/td><td class=\"cookielawinfo-column-2\">0<\/td><td class=\"cookielawinfo-column-3\">11 months<\/td><td class=\"cookielawinfo-column-4\">The cookie is set by GDPR cookie consent to record the user consent for the cookies in the category \"Functional\".<\/td><\/tr><tr class=\"cookielawinfo-row\"><td class=\"cookielawinfo-column-1\">cookielawinfo-checbox-others<\/td><td class=\"cookielawinfo-column-2\">0<\/td><td class=\"cookielawinfo-column-3\">11 months<\/td><td class=\"cookielawinfo-column-4\">This cookie is set by GDPR Cookie Consent plugin. The cookie is used to store the user consent for the cookies in the category \"Other.<\/td><\/tr><tr class=\"cookielawinfo-row\"><td class=\"cookielawinfo-column-1\">cookielawinfo-checkbox-advertisement<\/td><td class=\"cookielawinfo-column-2\"><\/td><td class=\"cookielawinfo-column-3\">1 year<\/td><td class=\"cookielawinfo-column-4\">The cookie is set by GDPR cookie consent to record the user consent for the cookies in the category \"Advertisement\".<\/td><\/tr><tr class=\"cookielawinfo-row\"><td class=\"cookielawinfo-column-1\">cookielawinfo-checkbox-necessary<\/td><td class=\"cookielawinfo-column-2\">0<\/td><td class=\"cookielawinfo-column-3\">11 months<\/td><td class=\"cookielawinfo-column-4\">This cookie is set by GDPR Cookie Consent plugin. The cookies is used to store the user consent for the cookies in the category \"Necessary\".<\/td><\/tr><tr class=\"cookielawinfo-row\"><td class=\"cookielawinfo-column-1\">cookielawinfo-checkbox-performance<\/td><td class=\"cookielawinfo-column-2\">0<\/td><td class=\"cookielawinfo-column-3\">11 months<\/td><td class=\"cookielawinfo-column-4\">This cookie is set by GDPR Cookie Consent plugin. The cookie is used to store the user consent for the cookies in the category \"Performance\".<\/td><\/tr><tr class=\"cookielawinfo-row\"><td class=\"cookielawinfo-column-1\">IDE<\/td><td class=\"cookielawinfo-column-2\"><\/td><td class=\"cookielawinfo-column-3\">1 year 24 days<\/td><td class=\"cookielawinfo-column-4\">Used by Google DoubleClick and stores information about how the user uses the website and any other advertisement before visiting the website. This is used to present users with ads that are relevant to them according to the user profile.<\/td><\/tr><tr class=\"cookielawinfo-row\"><td class=\"cookielawinfo-column-1\">test_cookie<\/td><td class=\"cookielawinfo-column-2\"><\/td><td class=\"cookielawinfo-column-3\">15 minutes<\/td><td class=\"cookielawinfo-column-4\">This cookie is set by doubleclick.net. The purpose of the cookie is to determine if the user's browser supports cookies.<\/td><\/tr><tr class=\"cookielawinfo-row\"><td class=\"cookielawinfo-column-1\">tk_ai<\/td><td class=\"cookielawinfo-column-2\"><\/td><td class=\"cookielawinfo-column-3\">5 years<\/td><td class=\"cookielawinfo-column-4\">Gathers information for WordPress by themselves, first party analytics tool about how WP services are used. A collection of internal metrics for user activity, used to improve user experience.<\/td><\/tr><tr class=\"cookielawinfo-row\"><td class=\"cookielawinfo-column-1\">tk_lr<\/td><td class=\"cookielawinfo-column-2\"><\/td><td class=\"cookielawinfo-column-3\">1 year<\/td><td class=\"cookielawinfo-column-4\">This cookie is set by JetPack plugin on sites using WooCommerce. This is a referral cookie used for analyzing referrer behavior for Jetpack<\/td><\/tr><tr class=\"cookielawinfo-row\"><td class=\"cookielawinfo-column-1\">tk_or<\/td><td class=\"cookielawinfo-column-2\"><\/td><td class=\"cookielawinfo-column-3\">5 years<\/td><td class=\"cookielawinfo-column-4\">This cookie is set by JetPack plugin on sites using WooCommerce. This is a referral cookie used for analyzing referrer behavior for Jetpack<\/td><\/tr><tr class=\"cookielawinfo-row\"><td class=\"cookielawinfo-column-1\">tk_qs<\/td><td class=\"cookielawinfo-column-2\"><\/td><td class=\"cookielawinfo-column-3\">30 minutes<\/td><td class=\"cookielawinfo-column-4\">Gathers information for WordPress by themselves, first party analytics tool about how WP services are used. A collection of internal metrics for user activity, used to improve user experience.<\/td><\/tr><tr class=\"cookielawinfo-row\"><td class=\"cookielawinfo-column-1\">tk_r3d<\/td><td class=\"cookielawinfo-column-2\"><\/td><td class=\"cookielawinfo-column-3\">3 days<\/td><td class=\"cookielawinfo-column-4\">The cookie is installed by JetPack. Used for the internal metrics fo user activities to improve user experience<\/td><\/tr><tr class=\"cookielawinfo-row\"><td class=\"cookielawinfo-column-1\">tk_tc<\/td><td class=\"cookielawinfo-column-2\"><\/td><td class=\"cookielawinfo-column-3\">session<\/td><td class=\"cookielawinfo-column-4\">No description<\/td><\/tr><tr class=\"cookielawinfo-row\"><td class=\"cookielawinfo-column-1\">viewed_cookie_policy<\/td><td class=\"cookielawinfo-column-2\">0<\/td><td class=\"cookielawinfo-column-3\">11 months<\/td><td class=\"cookielawinfo-column-4\">The cookie is set by the GDPR Cookie Consent plugin and is used to store whether or not user has consented to the use of cookies. It does not store any personal data.<\/td><\/tr><tr class=\"cookielawinfo-row\"><td class=\"cookielawinfo-column-1\">VISITOR_INFO1_LIVE<\/td><td class=\"cookielawinfo-column-2\"><\/td><td class=\"cookielawinfo-column-3\">5 months 27 days<\/td><td class=\"cookielawinfo-column-4\">This cookie is set by Youtube. Used to track the information of the embedded YouTube videos on a website.<\/td><\/tr><tr class=\"cookielawinfo-row\"><td class=\"cookielawinfo-column-1\">YSC<\/td><td class=\"cookielawinfo-column-2\"><\/td><td class=\"cookielawinfo-column-3\">session<\/td><td class=\"cookielawinfo-column-4\">This cookies is set by Youtube and is used to track the views of embedded videos.<\/td><\/tr><\/tbody><\/table><\/div>\n\t\t\t\t\t\t<\/div>\n\t\t\t\t<\/div>\n\t\t\t\t\t<\/div>\n\t\t<\/div>\n\t\t\t\t\t<\/div>\n\t\t<\/section>\n\t\t\t\t<\/div>","protected":false},"excerpt":{"rendered":"<p>KOLA\u010cI\u0106I Kola\u010di\u0107i su informacije koje va\u0161em web pregledniku \u0161alju podatke o odre\u0111enom web mjestu koje posje\u0107ujete; ovo omogu\u0107uje pohranu odre\u0111enih postavki, poput jezika koji koristite za pregledavanje Interneta. Na\u0161a web stranica koristi kola\u010di\u0107e kako bismo mogli pobolj\u0161ati va\u0161e korisni\u010dko iskustvo, pratiti broj posjeta na\u0161oj web stranici i prilagoditi na\u010din prikazivanja odre\u0111enih oglasa. Postavke kola\u010di\u0107a mo\u017eete [&hellip;]<\/p>","protected":false},"author":5,"featured_media":0,"parent":0,"menu_order":0,"comment_status":"closed","ping_status":"closed","template":"elementor_theme","meta":{"_monsterinsights_skip_tracking":false,"_monsterinsights_sitenote_active":false,"_monsterinsights_sitenote_note":"","_monsterinsights_sitenote_category":0,"site-sidebar-layout":"no-sidebar","site-content-layout":"page-builder","ast-site-content-layout":"","site-content-style":"default","site-sidebar-style":"default","ast-global-header-display":"","ast-banner-title-visibility":"","ast-main-header-display":"","ast-hfb-above-header-display":"","ast-hfb-below-header-display":"","ast-hfb-mobile-header-display":"","site-post-title":"disabled","ast-breadcrumbs-content":"","ast-featured-img":"disabled","footer-sml-layout":"","theme-transparent-header-meta":"default","adv-header-id-meta":"","stick-header-meta":"","header-above-stick-meta":"","header-main-stick-meta":"","header-below-stick-meta":"","astra-migrate-meta-layouts":"default","ast-page-background-enabled":"default","ast-page-background-meta":{"desktop":{"background-color":"var(--ast-global-color-4)","background-image":"","background-repeat":"repeat","background-position":"center center","background-size":"auto","background-attachment":"scroll","background-type":"","background-media":"","overlay-type":"","overlay-color":"","overlay-opacity":"","overlay-gradient":""},"tablet":{"background-color":"","background-image":"","background-repeat":"repeat","background-position":"center center","background-size":"auto","background-attachment":"scroll","background-type":"","background-media":"","overlay-type":"","overlay-color":"","overlay-opacity":"","overlay-gradient":""},"mobile":{"background-color":"","background-image":"","background-repeat":"repeat","background-position":"center center","background-size":"auto","background-attachment":"scroll","background-type":"","background-media":"","overlay-type":"","overlay-color":"","overlay-opacity":"","overlay-gradient":""}},"ast-content-background-meta":{"desktop":{"background-color":"var(--ast-global-color-5)","background-image":"","background-repeat":"repeat","background-position":"center center","background-size":"auto","background-attachment":"scroll","background-type":"","background-media":"","overlay-type":"","overlay-color":"","overlay-opacity":"","overlay-gradient":""},"tablet":{"background-color":"var(--ast-global-color-5)","background-image":"","background-repeat":"repeat","background-position":"center center","background-size":"auto","background-attachment":"scroll","background-type":"","background-media":"","overlay-type":"","overlay-color":"","overlay-opacity":"","overlay-gradient":""},"mobile":{"background-color":"var(--ast-global-color-5)","background-image":"","background-repeat":"repeat","background-position":"center center","background-size":"auto","background-attachment":"scroll","background-type":"","background-media":"","overlay-type":"","overlay-color":"","overlay-opacity":"","overlay-gradient":""}},"footnotes":""},"class_list":["post-5616","page","type-page","status-publish","hentry"],"yoast_head":"<!-- This site is optimized with the Yoast SEO plugin v27.4 - https:\/\/yoast.com\/product\/yoast-seo-wordpress\/ -->\n<title>Kola\u010di\u0107i - EQUESTRIS<\/title>\n<meta name=\"robots\" content=\"index, follow, max-snippet:-1, max-image-preview:large, max-video-preview:-1\" \/>\n<link rel=\"canonical\" href=\"https:\/\/equestris.hr\/eng\/kolacici\/\" \/>\n<meta property=\"og:locale\" content=\"en_GB\" \/>\n<meta property=\"og:type\" content=\"article\" \/>\n<meta property=\"og:title\" content=\"Kola\u010di\u0107i - EQUESTRIS\" \/>\n<meta property=\"og:description\" content=\"KOLA\u010cI\u0106I Kola\u010di\u0107i su informacije koje va\u0161em web pregledniku \u0161alju podatke o odre\u0111enom web mjestu koje posje\u0107ujete; ovo omogu\u0107uje pohranu odre\u0111enih postavki, poput jezika koji koristite za pregledavanje Interneta. Na\u0161a web stranica koristi kola\u010di\u0107e kako bismo mogli pobolj\u0161ati va\u0161e korisni\u010dko iskustvo, pratiti broj posjeta na\u0161oj web stranici i prilagoditi na\u010din prikazivanja odre\u0111enih oglasa. Postavke kola\u010di\u0107a mo\u017eete [&hellip;]\" \/>\n<meta property=\"og:url\" content=\"https:\/\/equestris.hr\/eng\/kolacici\/\" \/>\n<meta property=\"og:site_name\" content=\"EQUESTRIS\" \/>\n<meta property=\"article:modified_time\" content=\"2021-05-11T14:58:06+00:00\" \/>\n<meta name=\"twitter:card\" content=\"summary_large_image\" \/>\n<meta name=\"twitter:label1\" content=\"Estimated reading time\" \/>\n\t<meta name=\"twitter:data1\" content=\"5 minutes\" \/>\n<script type=\"application\/ld+json\" class=\"yoast-schema-graph\">{\"@context\":\"https:\\\/\\\/schema.org\",\"@graph\":[{\"@type\":\"WebPage\",\"@id\":\"https:\\\/\\\/equestris.hr\\\/kolacici\\\/\",\"url\":\"https:\\\/\\\/equestris.hr\\\/kolacici\\\/\",\"name\":\"Kola\u010di\u0107i - EQUESTRIS\",\"isPartOf\":{\"@id\":\"https:\\\/\\\/equestris.hr\\\/#website\"},\"datePublished\":\"2021-05-11T14:11:45+00:00\",\"dateModified\":\"2021-05-11T14:58:06+00:00\",\"breadcrumb\":{\"@id\":\"https:\\\/\\\/equestris.hr\\\/kolacici\\\/#breadcrumb\"},\"inLanguage\":\"en-GB\",\"potentialAction\":[{\"@type\":\"ReadAction\",\"target\":[\"https:\\\/\\\/equestris.hr\\\/kolacici\\\/\"]}]},{\"@type\":\"BreadcrumbList\",\"@id\":\"https:\\\/\\\/equestris.hr\\\/kolacici\\\/#breadcrumb\",\"itemListElement\":[{\"@type\":\"ListItem\",\"position\":1,\"name\":\"Home\",\"item\":\"https:\\\/\\\/equestris.hr\\\/\"},{\"@type\":\"ListItem\",\"position\":2,\"name\":\"Kola\u010di\u0107i\"}]},{\"@type\":\"WebSite\",\"@id\":\"https:\\\/\\\/equestris.hr\\\/#website\",\"url\":\"https:\\\/\\\/equestris.hr\\\/\",\"name\":\"EQUESTRIS\",\"description\":\"\",\"publisher\":{\"@id\":\"https:\\\/\\\/equestris.hr\\\/#organization\"},\"potentialAction\":[{\"@type\":\"SearchAction\",\"target\":{\"@type\":\"EntryPoint\",\"urlTemplate\":\"https:\\\/\\\/equestris.hr\\\/?s={search_term_string}\"},\"query-input\":{\"@type\":\"PropertyValueSpecification\",\"valueRequired\":true,\"valueName\":\"search_term_string\"}}],\"inLanguage\":\"en-GB\"},{\"@type\":\"Organization\",\"@id\":\"https:\\\/\\\/equestris.hr\\\/#organization\",\"name\":\"EQUESTRIS\",\"url\":\"https:\\\/\\\/equestris.hr\\\/\",\"logo\":{\"@type\":\"ImageObject\",\"inLanguage\":\"en-GB\",\"@id\":\"https:\\\/\\\/equestris.hr\\\/#\\\/schema\\\/logo\\\/image\\\/\",\"url\":\"https:\\\/\\\/equestris.hr\\\/wp-content\\\/uploads\\\/2021\\\/04\\\/cropped-eqestris-logo.png\",\"contentUrl\":\"https:\\\/\\\/equestris.hr\\\/wp-content\\\/uploads\\\/2021\\\/04\\\/cropped-eqestris-logo.png\",\"width\":246,\"height\":100,\"caption\":\"EQUESTRIS\"},\"image\":{\"@id\":\"https:\\\/\\\/equestris.hr\\\/#\\\/schema\\\/logo\\\/image\\\/\"}}]}<\/script>\n<!-- \/ Yoast SEO plugin. -->","yoast_head_json":{"title":"Kola\u010di\u0107i - EQUESTRIS","robots":{"index":"index","follow":"follow","max-snippet":"max-snippet:-1","max-image-preview":"max-image-preview:large","max-video-preview":"max-video-preview:-1"},"canonical":"https:\/\/equestris.hr\/eng\/kolacici\/","og_locale":"en_GB","og_type":"article","og_title":"Kola\u010di\u0107i - EQUESTRIS","og_description":"KOLA\u010cI\u0106I Kola\u010di\u0107i su informacije koje va\u0161em web pregledniku \u0161alju podatke o odre\u0111enom web mjestu koje posje\u0107ujete; ovo omogu\u0107uje pohranu odre\u0111enih postavki, poput jezika koji koristite za pregledavanje Interneta. Na\u0161a web stranica koristi kola\u010di\u0107e kako bismo mogli pobolj\u0161ati va\u0161e korisni\u010dko iskustvo, pratiti broj posjeta na\u0161oj web stranici i prilagoditi na\u010din prikazivanja odre\u0111enih oglasa. Postavke kola\u010di\u0107a mo\u017eete [&hellip;]","og_url":"https:\/\/equestris.hr\/eng\/kolacici\/","og_site_name":"EQUESTRIS","article_modified_time":"2021-05-11T14:58:06+00:00","twitter_card":"summary_large_image","twitter_misc":{"Estimated reading time":"5 minutes"},"schema":{"@context":"https:\/\/schema.org","@graph":[{"@type":"WebPage","@id":"https:\/\/equestris.hr\/kolacici\/","url":"https:\/\/equestris.hr\/kolacici\/","name":"Kola\u010di\u0107i - EQUESTRIS","isPartOf":{"@id":"https:\/\/equestris.hr\/#website"},"datePublished":"2021-05-11T14:11:45+00:00","dateModified":"2021-05-11T14:58:06+00:00","breadcrumb":{"@id":"https:\/\/equestris.hr\/kolacici\/#breadcrumb"},"inLanguage":"en-GB","potentialAction":[{"@type":"ReadAction","target":["https:\/\/equestris.hr\/kolacici\/"]}]},{"@type":"BreadcrumbList","@id":"https:\/\/equestris.hr\/kolacici\/#breadcrumb","itemListElement":[{"@type":"ListItem","position":1,"name":"Home","item":"https:\/\/equestris.hr\/"},{"@type":"ListItem","position":2,"name":"Kola\u010di\u0107i"}]},{"@type":"WebSite","@id":"https:\/\/equestris.hr\/#website","url":"https:\/\/equestris.hr\/","name":"EQUESTRIS","description":"","publisher":{"@id":"https:\/\/equestris.hr\/#organization"},"potentialAction":[{"@type":"SearchAction","target":{"@type":"EntryPoint","urlTemplate":"https:\/\/equestris.hr\/?s={search_term_string}"},"query-input":{"@type":"PropertyValueSpecification","valueRequired":true,"valueName":"search_term_string"}}],"inLanguage":"en-GB"},{"@type":"Organization","@id":"https:\/\/equestris.hr\/#organization","name":"EQUESTRIS","url":"https:\/\/equestris.hr\/","logo":{"@type":"ImageObject","inLanguage":"en-GB","@id":"https:\/\/equestris.hr\/#\/schema\/logo\/image\/","url":"https:\/\/equestris.hr\/wp-content\/uploads\/2021\/04\/cropped-eqestris-logo.png","contentUrl":"https:\/\/equestris.hr\/wp-content\/uploads\/2021\/04\/cropped-eqestris-logo.png","width":246,"height":100,"caption":"EQUESTRIS"},"image":{"@id":"https:\/\/equestris.hr\/#\/schema\/logo\/image\/"}}]}},"_links":{"self":[{"href":"https:\/\/equestris.hr\/eng\/wp-json\/wp\/v2\/pages\/5616","targetHints":{"allow":["GET"]}}],"collection":[{"href":"https:\/\/equestris.hr\/eng\/wp-json\/wp\/v2\/pages"}],"about":[{"href":"https:\/\/equestris.hr\/eng\/wp-json\/wp\/v2\/types\/page"}],"author":[{"embeddable":true,"href":"https:\/\/equestris.hr\/eng\/wp-json\/wp\/v2\/users\/5"}],"replies":[{"embeddable":true,"href":"https:\/\/equestris.hr\/eng\/wp-json\/wp\/v2\/comments?post=5616"}],"version-history":[{"count":20,"href":"https:\/\/equestris.hr\/eng\/wp-json\/wp\/v2\/pages\/5616\/revisions"}],"predecessor-version":[{"id":5648,"href":"https:\/\/equestris.hr\/eng\/wp-json\/wp\/v2\/pages\/5616\/revisions\/5648"}],"wp:attachment":[{"href":"https:\/\/equestris.hr\/eng\/wp-json\/wp\/v2\/media?parent=5616"}],"curies":[{"name":"wp","href":"https:\/\/api.w.org\/{rel}","templated":true}]}}