{"id":2475,"date":"2021-05-02T22:19:19","date_gmt":"2021-05-02T22:19:19","guid":{"rendered":"https:\/\/na-ramenima-divova.com\/?page_id=2475"},"modified":"2021-05-24T14:26:47","modified_gmt":"2021-05-24T14:26:47","slug":"pravila-privatnosti","status":"publish","type":"page","link":"https:\/\/equestris.hr\/eng\/pravila-privatnosti\/","title":{"rendered":"PRIVACY POLICY"},"content":{"rendered":"<div data-elementor-type=\"wp-page\" data-elementor-id=\"2475\" class=\"elementor elementor-2475\">\n\t\t\t\t\t\t<section class=\"elementor-section elementor-top-section elementor-element elementor-element-47c91590 elementor-section-boxed elementor-section-height-default elementor-section-height-default\" data-id=\"47c91590\" data-element_type=\"section\">\n\t\t\t\t\t\t<div class=\"elementor-container elementor-column-gap-default\">\n\t\t\t\t\t<div class=\"elementor-column elementor-col-100 elementor-top-column elementor-element elementor-element-1df39148\" data-id=\"1df39148\" data-element_type=\"column\">\n\t\t\t<div class=\"elementor-widget-wrap elementor-element-populated\">\n\t\t\t\t\t\t<div class=\"elementor-element elementor-element-49f0c168 elementor-widget elementor-widget-text-editor\" data-id=\"49f0c168\" data-element_type=\"widget\" data-widget_type=\"text-editor.default\">\n\t\t\t\t<div class=\"elementor-widget-container\">\n\t\t\t\t\t\t\t\t\t<div class=\"single_blog_content_holder\"><p><b>Introduction<\/b><\/p><p class=\"translation-block\">The publisher of the website service <a href=\"https:\/\/equestris.hr\/eng\/en\/\" target=\"_self\">www.equestris.hr\/en<\/a> is the communication agency <b>EQUESTRIS d.o.o.<\/b>Ltd. (EQUESTRIS d.o.o.) \u2013 which specializes in strategic communication, message testing, user and customer experience, crisis management and advocating. The agency is situated in Croatia, at <b>Zagrebu, Radni\u010dka cesta 47<\/b>.<b>(OIB): 50083407876<\/b> (hereinafter: \u201cPublisher,\u201d \u201cwe,\u201d \u201cour\u201d). The Publisher is also in charge of data processing.<\/p><p class=\"translation-block\"><a href=\"https:\/\/equestris.hr\/eng\/en\/\" target=\"_self\">www.equestris.hr\/en\u00a0<\/a> is a website service on which The Publisher provides information on services offered by The Publisher.<\/p><p class=\"translation-block\">The user of the website service <a href=\"https:\/\/equestris.hr\/eng\/en\/\" target=\"_self\">www.equestris.hr\/en<\/a> is any legal entity or natural person who in any way accesses or uses the <a href=\"https:\/\/equestris.hr\/eng\/en\/\" target=\"_self\">www.equestris.hr\/en\u00a0<\/a>website service, or who has done so in the past (hereinafter: \u201cUser\u201d).<\/p><p class=\"translation-block\">A website also implies any constituent parts and content within the domain <a href=\"https:\/\/equestris.hr\/eng\/en\/\" target=\"_self\">www.equestris.hr\/en<\/a><\/p><p><b>General provisions<\/b><\/p><p>This Privacy Policy proscribes the rules and conditions relating to managing personal data and information provided by the User; it also proscribes the ways in which said personal information is collected, analyzed and protected.<\/p><p class=\"translation-block\">In EQUESTRIS we place great value on protecting the privacy and personal data of our users, which is why we want to be transparent about the way we collect, use and store personal data.<\/p><p class=\"translation-block\">By using the website <a href=\"https:\/\/equestris.hr\/eng\/en\/\" target=\"_self\">www.equestris.hr\/en<\/a>, Users effectively agree with the rules and policies set here, and they agree to following them when using our website.<\/p><p>Right of use for this website is the individual right of the User and cannot be transferred in any way to other natural persons or legal entities.<\/p><p>The User is hereby reminded that occasional technical difficulties may occur with respect to network functionality, which may cause disruption or temporary halt in services or other events and activities which are out of the Publisher\u2019s control. Because of this, the Publisher holds no responsibility for any and all potential data loss that may occur in the duration of the Publisher\u2019s providing of services.<\/p><p><b>Changes in the Privacy Policy<\/b><\/p><p>The Publisher reserves the right to change or suspend any segment of his services, including but not limited to, available hours, content as well as equipment necessary for web access. Furthermore, the Publisher reserves the right to stop sending information or parts of information, edit or suspend any form of data transmission, and change the speed of data transmission, as well as any other aspect of information.<\/p><p class=\"translation-block\">The Publisher reserves the right to alter or suspend at any given time \u2013 if necessary \u2013 any segment of the Policy proscribed here. Any and all potential changes or suspensions in the Policy take immediate effect upon being published on the website <a href=\"https:\/\/equestris.hr\/eng\/en\/\" target=\"_self\">www.equestris.hr\/en<\/a> . Using or visiting particular webpages within this domain \u2013 except visiting Privacy Policy \u2013 is considered consent to said changes.<\/p><p><b>How we collect data:<\/b><\/p><p class=\"translation-block\">We collect data on the User only when the User sends it or gives consent for us to use said data. For example, the EQUESTRIS contact form, submitting the EQUESTRIS questionnaire or accessing the e-book located on the website <a href=\"https:\/\/equestris.hr\/eng\/en\/\" target=\"_self\">www.equestris.hr\/en<\/a>, be it via email, in person at the Agency, by phone, mail, in written form or via social media. On very rare occasions \u2013 and always in accordance with the law \u2013 we may receive data from other sources.<\/p><p><b>What data we collect:<\/b><\/p><p>In order to address the User\u2019s specific needs and to personalize content directly for the User; to adjust the ads which the User sees displayed on our website in order to better suit the User\u2019s interests and preferences; and to generally improve our User experience, we collect the following data:<\/p><ul><li class=\"translation-block\">Data which is provided directly to us by the user, and which we collect via the contact form on our website; by submitting questionnaires; by accessing the e-book located on the website <a href=\"https:\/\/equestris.hr\/eng\/en\/\" target=\"_self\">www.equestris.hr\/en<\/a> ; or via email, social media or by phone.<\/li><\/ul><p><b>THE CONTACT FORM, QUESTIONNAIRE AND E-BOOK:<\/b><\/p><ul><li>First and last name<\/li><li>Email address<\/li><li>Phone number<\/li><li>Message or question submitted by the User\u00a0<\/li><li>Information regarding the User\u2019s past experience with conducting consulting sessions<\/li><li>The User\u2019s occupation<\/li><li class=\"translation-block\">Data on how the User uses the website <a href=\"https:\/\/equestris.hr\/eng\/en\/\" target=\"_self\">www.equestris.hr\/en<\/a> which includes date on the devices and operating systems used by the User to access our website; the web browser, IP address, pixels and other data related to the User\u2019s system.<\/li><li>Statistical data received via cookies, which track user behavior on the website, including the duration of time spent on the website, diagnostic data and analysis, data on the activity and browsing choices within the website. The collected data also includes information about the User\u2019s interaction with the website, which we use to better understand the needs of the User or potential difficulties which may occur, all with the goal to improve the User\u2019s experience on our website. You can find out more here on how cookies are used to store data.<\/li><li>Data on using email, which includes the time an email response is opened, the number of views and clicks to an email response.<\/li><li>Data collected from third parties and subsequently combined with other data, which includes the User\u2019s data available through other publicly available sources, in accordance with all Croatian and EU privacy regulations.<\/li><li class=\"translation-block\">Other data on the User, which me may collect regarding the User\u2019s usage of the websit <a href=\"https:\/\/equestris.hr\/eng\/en\/\" target=\"_self\">www.equestris.hr\/en<\/a> or their using of our services. The specific data type and the way it would be collected will be explained to the User with their express consent in person or otherwise. The User may deny consent to providing certain data, but this may limit the effect and availability of certain services.<\/li><\/ul><p><b>How data is used<\/b><\/p><p>Personal information collected from the User may be used for the following purposes:<\/p><ul><li>In order to use certain services, and to be able to reply to the User\u2019s inquiries.<\/li><li>In order to contact the User with regard to our new products and services.<\/li><li>In order to improve general user experience on the website, and to understand the wants and needs of the User and in order to improve our services.<\/li><li>In order to display more relevant ads to the User on our website, i.e. ads which suit the interests of the User better.<\/li><li>In order to send promotional newsletters via email, like notifications about events or instructive materials.<\/li><li>In order to perform statistical and analytical operations in order to improve our understanding on how Users use our services and our website.<\/li><li>In order to analyze and research the market and client profile so as to get a better understanding of market demand, and so we could find out more about our clients and offer them the best communication service possible.<\/li><li>In order to share the collected data with our contractual partners for data analysis, like our business partners, our accounting or our distributors.<\/li><li>In order to perform proper checks regarding public health, healthcare and other laws we are bound by.<\/li><\/ul><p>In order to process personal User information, we use applications, platforms and software which are our contracting executors for personal data protection and usage:<\/p><ul><li class=\"translation-block\"><b>Facebook<\/b>\u2013 the application on which we advertise and present our services to our current and potential users. In order to reach our current users, we may enter our user database \u2013 of those who gave their consent \u2013 into the application, which in turn displays ads only to those users, as well as those user groups the data on which was collected through the Facebook pixel encoded into the website <a href=\"https:\/\/equestris.hr\/eng\/en\/\" target=\"_self\">www.equestris.hr\/en.<\/a><\/li><li class=\"translation-block\"><i><b>G Suite<\/b> \u2013 the platform we use for a variety of Google\u2019s business apps. We use business apps to safekeep business documents which may contain personal information about the User, as well as email communication with partners and potential or existing users of our services.<\/li><li class=\"translation-block\"><b>Google Analytics<\/b>\u2013 the Google service we use to measure traffic on our website.<\/li><li class=\"translation-block\"><b>HubSpot <\/b>\u2013 a marketing software and platform which we use to load in our database with personal information in order to send large amount of emails and to process data \u2013 in order to send congratulatory messages, info on seminars and trainings, as well as other promotional and informative news.<\/li><li class=\"translation-block\"><b>Prezly<\/b>\u2013 the communication and PR software for collecting personal data.<\/li><li class=\"translation-block\"><b>Tableau<\/b>\u2013 a software for processing, analyzing and visualizing data.<\/li><li class=\"translation-block\"><b>Survey Legend i Survey Gizmo<\/b> \u2013 these both being software for data collection.<\/li><li class=\"translation-block\"><b>ClickMeeting <\/b>\u2013 the software we use to organize webinars and set up meetings.<\/li><\/ul><p><b>How we store data:<\/b><\/p><p>We store User data via the aforementioned software and its related databases.<\/p><p>We store and process only the data provided by those users who have given their personal consent for data processing as described within this Privacy Policy. In the event that data is stored and\/or processed in a way not described in this Privacy Policy, the User will be duly notified beforehand. Privacy protection is permanent, and we take all necessary measures to ensure it in accordance with the General Data Protection Regulation.<\/p><p class=\"translation-block\"><i>Za vi\u0161e informacija o tome gdje i koliko dugo se pohranjuju podaci Korisnika molimo Vas da nas kontaktirate na&nbsp;<a href=\"mailto:equestris@equestris.hr\" target=\"_self\">equestris@equestris.hr<\/a>.<\/i><\/p><p><b>How we protect the User\u2019s personal information:<\/b><\/p><p>All personal user data and information we take seriously, and we continuously apply relevant organizational, physical and technical measures in order to ensure that all collected personal data remains protected.<\/p><p>In order to ensure personal data protection, we have taken a series of measures:<\/p><ul><li>Using secure and trusted documents, software and applications to store data.<\/li><li>Choosing the right executors for data processing and signing agreements on data protection with said executors.<\/li><li>Educating our employees about the importance of confidentiality, maintaining security and privacy and handling personal User information.<\/li><\/ul><p>We will not deliver, sell or extend personal user data to third parties, except the ones listed in this Privacy Policy, as well as those with whom we have made a Data confidentiality Agreement. We may deliver personal data to other third parties only if it is absolutely necessary for protecting the User\u2019s vital interests; if we are legally bound to do so, if it is necessary for certain legal procedures, if it is explicitly requested by the User or if it is essential for meeting the User\u2019s request.<\/p><p>For statistical purposes we may keep personal data for which the basis or consent for storage is no longer applicable; however, we will not process this data in any way and will keep them from unauthorized access or use.<\/p><p>It is important to emphasize that, regardless of any precautionary measures, no website or digital transmission, network or remote connection is entirely safe.<\/p><p>\u00a0<b>The User\u2019s rights regarding personal data:<\/b><\/p><p>The User may request their rights regarding personal data and information at any time and without providing any explanation.<\/p><p>The right to view the collected personal data and the purpose of data processing<\/p><ul><li>The right to alter personal data<\/li><li>The right to remove or delete personal data<\/li><li>The right to limit personal data processing and its intended purpose<\/li><li>The right to send personal data<\/li><li>The right to revoke consent for processing personal data.<\/li><\/ul><p class=\"translation-block\">The User may use their rights regarding personal data and information by sending an email to <a href=\"mailto:equestris@equestris.hr\/en\" target=\"_self\">equestris@equestris.hr\/en<\/a><\/p><p class=\"translation-block\">If you have any questions about data protection and processing, contact us at <a href=\"mailto:equestris@equestris.hr\" target=\"_self\">equestris@equestris.hr\/en<\/a> or at the address of the Communication agency <b>EQUESTRIS d.o.o., Radni\u010dka cesta 47, 10 000 Zagreb.<\/b><\/p><p>If you believe that we are not acting in accordance with the General Data Protection Regulation or other relevant legal regulations, and if you are not able to settle this dispute with us, you may file a complaint with the competent authority \u2013 the Croatian Personal Data Protection Agency.<\/p><\/div><p>Find out more about cookies <a href=\"https:\/\/equestris.hr\/eng\/kolacici\/\">here<\/a>.<\/p>\t\t\t\t\t\t\t\t<\/div>\n\t\t\t\t<\/div>\n\t\t\t\t\t<\/div>\n\t\t<\/div>\n\t\t\t\t\t<\/div>\n\t\t<\/section>\n\t\t\t\t<\/div>","protected":false},"excerpt":{"rendered":"<p>Uvodno Izdava\u010d Internet stranice www.equestris.hr je Komunikacijska agencija EQUESTRIS d.o.o. specijalizirana u podru\u010dju strate\u0161kih komunikacija, testiranja poruka, korisni\u010dkog iskustva, kriznog menad\u017ementa i zagovaranja u Zagrebu, Radni\u010dka cesta 47, osobni identifikacijski broj (OIB): 50083407876 (u daljnjem tekstu: \u201eIzdava\u010d\u201c, \u201cmi\u201d, \u201cnas\u201d, \u201cna\u0161\u201d), ujedno Voditelj obrade podataka. www.equestris.hr&nbsp; je Internet stranica putem koje Izdava\u010d pru\u017ea informacije o uslugama [&hellip;]<\/p>","protected":false},"author":1,"featured_media":0,"parent":0,"menu_order":0,"comment_status":"closed","ping_status":"closed","template":"","meta":{"_monsterinsights_skip_tracking":false,"_monsterinsights_sitenote_active":false,"_monsterinsights_sitenote_note":"","_monsterinsights_sitenote_category":0,"site-sidebar-layout":"default","site-content-layout":"default","ast-site-content-layout":"","site-content-style":"default","site-sidebar-style":"default","ast-global-header-display":"","ast-banner-title-visibility":"","ast-main-header-display":"","ast-hfb-above-header-display":"","ast-hfb-below-header-display":"","ast-hfb-mobile-header-display":"","site-post-title":"","ast-breadcrumbs-content":"","ast-featured-img":"","footer-sml-layout":"","theme-transparent-header-meta":"default","adv-header-id-meta":"","stick-header-meta":"","header-above-stick-meta":"","header-main-stick-meta":"","header-below-stick-meta":"","astra-migrate-meta-layouts":"default","ast-page-background-enabled":"default","ast-page-background-meta":{"desktop":{"background-color":"var(--ast-global-color-4)","background-image":"","background-repeat":"repeat","background-position":"center center","background-size":"auto","background-attachment":"scroll","background-type":"","background-media":"","overlay-type":"","overlay-color":"","overlay-opacity":"","overlay-gradient":""},"tablet":{"background-color":"","background-image":"","background-repeat":"repeat","background-position":"center center","background-size":"auto","background-attachment":"scroll","background-type":"","background-media":"","overlay-type":"","overlay-color":"","overlay-opacity":"","overlay-gradient":""},"mobile":{"background-color":"","background-image":"","background-repeat":"repeat","background-position":"center center","background-size":"auto","background-attachment":"scroll","background-type":"","background-media":"","overlay-type":"","overlay-color":"","overlay-opacity":"","overlay-gradient":""}},"ast-content-background-meta":{"desktop":{"background-color":"var(--ast-global-color-5)","background-image":"","background-repeat":"repeat","background-position":"center center","background-size":"auto","background-attachment":"scroll","background-type":"","background-media":"","overlay-type":"","overlay-color":"","overlay-opacity":"","overlay-gradient":""},"tablet":{"background-color":"var(--ast-global-color-5)","background-image":"","background-repeat":"repeat","background-position":"center center","background-size":"auto","background-attachment":"scroll","background-type":"","background-media":"","overlay-type":"","overlay-color":"","overlay-opacity":"","overlay-gradient":""},"mobile":{"background-color":"var(--ast-global-color-5)","background-image":"","background-repeat":"repeat","background-position":"center center","background-size":"auto","background-attachment":"scroll","background-type":"","background-media":"","overlay-type":"","overlay-color":"","overlay-opacity":"","overlay-gradient":""}},"footnotes":""},"class_list":["post-2475","page","type-page","status-publish","hentry"],"yoast_head":"<!-- This site is optimized with the Yoast SEO plugin v27.4 - https:\/\/yoast.com\/product\/yoast-seo-wordpress\/ -->\n<title>PRAVILA PRIVATNOSTI - EQUESTRIS<\/title>\n<meta name=\"robots\" content=\"index, follow, max-snippet:-1, max-image-preview:large, max-video-preview:-1\" \/>\n<link rel=\"canonical\" href=\"https:\/\/equestris.hr\/eng\/pravila-privatnosti\/\" \/>\n<meta property=\"og:locale\" content=\"en_GB\" \/>\n<meta property=\"og:type\" content=\"article\" \/>\n<meta property=\"og:title\" content=\"PRAVILA PRIVATNOSTI - EQUESTRIS\" \/>\n<meta property=\"og:description\" content=\"Uvodno Izdava\u010d Internet stranice www.equestris.hr je Komunikacijska agencija EQUESTRIS d.o.o. specijalizirana u podru\u010dju strate\u0161kih komunikacija, testiranja poruka, korisni\u010dkog iskustva, kriznog menad\u017ementa i zagovaranja u Zagrebu, Radni\u010dka cesta 47, osobni identifikacijski broj (OIB): 50083407876 (u daljnjem tekstu: \u201eIzdava\u010d\u201c, \u201cmi\u201d, \u201cnas\u201d, \u201cna\u0161\u201d), ujedno Voditelj obrade podataka. www.equestris.hr&nbsp; je Internet stranica putem koje Izdava\u010d pru\u017ea informacije o uslugama [&hellip;]\" \/>\n<meta property=\"og:url\" content=\"https:\/\/equestris.hr\/eng\/pravila-privatnosti\/\" \/>\n<meta property=\"og:site_name\" content=\"EQUESTRIS\" \/>\n<meta property=\"article:modified_time\" content=\"2021-05-24T14:26:47+00:00\" \/>\n<meta name=\"twitter:card\" content=\"summary_large_image\" \/>\n<meta name=\"twitter:label1\" content=\"Estimated reading time\" \/>\n\t<meta name=\"twitter:data1\" content=\"10 minutes\" \/>\n<script type=\"application\/ld+json\" class=\"yoast-schema-graph\">{\"@context\":\"https:\\\/\\\/schema.org\",\"@graph\":[{\"@type\":\"WebPage\",\"@id\":\"https:\\\/\\\/equestris.hr\\\/pravila-privatnosti\\\/\",\"url\":\"https:\\\/\\\/equestris.hr\\\/pravila-privatnosti\\\/\",\"name\":\"PRAVILA PRIVATNOSTI - EQUESTRIS\",\"isPartOf\":{\"@id\":\"https:\\\/\\\/equestris.hr\\\/#website\"},\"datePublished\":\"2021-05-02T22:19:19+00:00\",\"dateModified\":\"2021-05-24T14:26:47+00:00\",\"breadcrumb\":{\"@id\":\"https:\\\/\\\/equestris.hr\\\/pravila-privatnosti\\\/#breadcrumb\"},\"inLanguage\":\"en-GB\",\"potentialAction\":[{\"@type\":\"ReadAction\",\"target\":[\"https:\\\/\\\/equestris.hr\\\/pravila-privatnosti\\\/\"]}]},{\"@type\":\"BreadcrumbList\",\"@id\":\"https:\\\/\\\/equestris.hr\\\/pravila-privatnosti\\\/#breadcrumb\",\"itemListElement\":[{\"@type\":\"ListItem\",\"position\":1,\"name\":\"Home\",\"item\":\"https:\\\/\\\/equestris.hr\\\/\"},{\"@type\":\"ListItem\",\"position\":2,\"name\":\"PRAVILA PRIVATNOSTI\"}]},{\"@type\":\"WebSite\",\"@id\":\"https:\\\/\\\/equestris.hr\\\/#website\",\"url\":\"https:\\\/\\\/equestris.hr\\\/\",\"name\":\"EQUESTRIS\",\"description\":\"\",\"publisher\":{\"@id\":\"https:\\\/\\\/equestris.hr\\\/#organization\"},\"potentialAction\":[{\"@type\":\"SearchAction\",\"target\":{\"@type\":\"EntryPoint\",\"urlTemplate\":\"https:\\\/\\\/equestris.hr\\\/?s={search_term_string}\"},\"query-input\":{\"@type\":\"PropertyValueSpecification\",\"valueRequired\":true,\"valueName\":\"search_term_string\"}}],\"inLanguage\":\"en-GB\"},{\"@type\":\"Organization\",\"@id\":\"https:\\\/\\\/equestris.hr\\\/#organization\",\"name\":\"EQUESTRIS\",\"url\":\"https:\\\/\\\/equestris.hr\\\/\",\"logo\":{\"@type\":\"ImageObject\",\"inLanguage\":\"en-GB\",\"@id\":\"https:\\\/\\\/equestris.hr\\\/#\\\/schema\\\/logo\\\/image\\\/\",\"url\":\"https:\\\/\\\/equestris.hr\\\/wp-content\\\/uploads\\\/2021\\\/04\\\/cropped-eqestris-logo.png\",\"contentUrl\":\"https:\\\/\\\/equestris.hr\\\/wp-content\\\/uploads\\\/2021\\\/04\\\/cropped-eqestris-logo.png\",\"width\":246,\"height\":100,\"caption\":\"EQUESTRIS\"},\"image\":{\"@id\":\"https:\\\/\\\/equestris.hr\\\/#\\\/schema\\\/logo\\\/image\\\/\"}}]}<\/script>\n<!-- \/ Yoast SEO plugin. -->","yoast_head_json":{"title":"PRAVILA PRIVATNOSTI - EQUESTRIS","robots":{"index":"index","follow":"follow","max-snippet":"max-snippet:-1","max-image-preview":"max-image-preview:large","max-video-preview":"max-video-preview:-1"},"canonical":"https:\/\/equestris.hr\/eng\/pravila-privatnosti\/","og_locale":"en_GB","og_type":"article","og_title":"PRAVILA PRIVATNOSTI - EQUESTRIS","og_description":"Uvodno Izdava\u010d Internet stranice www.equestris.hr je Komunikacijska agencija EQUESTRIS d.o.o. specijalizirana u podru\u010dju strate\u0161kih komunikacija, testiranja poruka, korisni\u010dkog iskustva, kriznog menad\u017ementa i zagovaranja u Zagrebu, Radni\u010dka cesta 47, osobni identifikacijski broj (OIB): 50083407876 (u daljnjem tekstu: \u201eIzdava\u010d\u201c, \u201cmi\u201d, \u201cnas\u201d, \u201cna\u0161\u201d), ujedno Voditelj obrade podataka. www.equestris.hr&nbsp; je Internet stranica putem koje Izdava\u010d pru\u017ea informacije o uslugama [&hellip;]","og_url":"https:\/\/equestris.hr\/eng\/pravila-privatnosti\/","og_site_name":"EQUESTRIS","article_modified_time":"2021-05-24T14:26:47+00:00","twitter_card":"summary_large_image","twitter_misc":{"Estimated reading time":"10 minutes"},"schema":{"@context":"https:\/\/schema.org","@graph":[{"@type":"WebPage","@id":"https:\/\/equestris.hr\/pravila-privatnosti\/","url":"https:\/\/equestris.hr\/pravila-privatnosti\/","name":"PRAVILA PRIVATNOSTI - EQUESTRIS","isPartOf":{"@id":"https:\/\/equestris.hr\/#website"},"datePublished":"2021-05-02T22:19:19+00:00","dateModified":"2021-05-24T14:26:47+00:00","breadcrumb":{"@id":"https:\/\/equestris.hr\/pravila-privatnosti\/#breadcrumb"},"inLanguage":"en-GB","potentialAction":[{"@type":"ReadAction","target":["https:\/\/equestris.hr\/pravila-privatnosti\/"]}]},{"@type":"BreadcrumbList","@id":"https:\/\/equestris.hr\/pravila-privatnosti\/#breadcrumb","itemListElement":[{"@type":"ListItem","position":1,"name":"Home","item":"https:\/\/equestris.hr\/"},{"@type":"ListItem","position":2,"name":"PRAVILA PRIVATNOSTI"}]},{"@type":"WebSite","@id":"https:\/\/equestris.hr\/#website","url":"https:\/\/equestris.hr\/","name":"EQUESTRIS","description":"","publisher":{"@id":"https:\/\/equestris.hr\/#organization"},"potentialAction":[{"@type":"SearchAction","target":{"@type":"EntryPoint","urlTemplate":"https:\/\/equestris.hr\/?s={search_term_string}"},"query-input":{"@type":"PropertyValueSpecification","valueRequired":true,"valueName":"search_term_string"}}],"inLanguage":"en-GB"},{"@type":"Organization","@id":"https:\/\/equestris.hr\/#organization","name":"EQUESTRIS","url":"https:\/\/equestris.hr\/","logo":{"@type":"ImageObject","inLanguage":"en-GB","@id":"https:\/\/equestris.hr\/#\/schema\/logo\/image\/","url":"https:\/\/equestris.hr\/wp-content\/uploads\/2021\/04\/cropped-eqestris-logo.png","contentUrl":"https:\/\/equestris.hr\/wp-content\/uploads\/2021\/04\/cropped-eqestris-logo.png","width":246,"height":100,"caption":"EQUESTRIS"},"image":{"@id":"https:\/\/equestris.hr\/#\/schema\/logo\/image\/"}}]}},"_links":{"self":[{"href":"https:\/\/equestris.hr\/eng\/wp-json\/wp\/v2\/pages\/2475","targetHints":{"allow":["GET"]}}],"collection":[{"href":"https:\/\/equestris.hr\/eng\/wp-json\/wp\/v2\/pages"}],"about":[{"href":"https:\/\/equestris.hr\/eng\/wp-json\/wp\/v2\/types\/page"}],"author":[{"embeddable":true,"href":"https:\/\/equestris.hr\/eng\/wp-json\/wp\/v2\/users\/1"}],"replies":[{"embeddable":true,"href":"https:\/\/equestris.hr\/eng\/wp-json\/wp\/v2\/comments?post=2475"}],"version-history":[{"count":30,"href":"https:\/\/equestris.hr\/eng\/wp-json\/wp\/v2\/pages\/2475\/revisions"}],"predecessor-version":[{"id":6330,"href":"https:\/\/equestris.hr\/eng\/wp-json\/wp\/v2\/pages\/2475\/revisions\/6330"}],"wp:attachment":[{"href":"https:\/\/equestris.hr\/eng\/wp-json\/wp\/v2\/media?parent=2475"}],"curies":[{"name":"wp","href":"https:\/\/api.w.org\/{rel}","templated":true}]}}