{"id":1745,"date":"2021-04-29T13:11:17","date_gmt":"2021-04-29T13:11:17","guid":{"rendered":"https:\/\/na-ramenima-divova.com\/?page_id=1745"},"modified":"2021-05-19T11:17:35","modified_gmt":"2021-05-19T11:17:35","slug":"akademija","status":"publish","type":"page","link":"https:\/\/equestris.hr\/eng\/akademija\/","title":{"rendered":"Academy"},"content":{"rendered":"<div data-elementor-type=\"wp-page\" data-elementor-id=\"1745\" class=\"elementor elementor-1745\">\n\t\t\t\t\t\t<section class=\"elementor-section elementor-top-section elementor-element elementor-element-a680b9f elementor-section-boxed elementor-section-height-default elementor-section-height-default\" data-id=\"a680b9f\" data-element_type=\"section\" data-settings=\"{&quot;background_background&quot;:&quot;classic&quot;}\">\n\t\t\t\t\t\t\t<div class=\"elementor-background-overlay\"><\/div>\n\t\t\t\t\t\t\t<div class=\"elementor-container elementor-column-gap-default\">\n\t\t\t\t\t<div class=\"elementor-column elementor-col-100 elementor-top-column elementor-element elementor-element-7f3fc18\" data-id=\"7f3fc18\" data-element_type=\"column\">\n\t\t\t<div class=\"elementor-widget-wrap elementor-element-populated\">\n\t\t\t\t\t\t<div class=\"elementor-element elementor-element-d81711c elementor-widget elementor-widget-heading\" data-id=\"d81711c\" data-element_type=\"widget\" data-widget_type=\"heading.default\">\n\t\t\t\t<div class=\"elementor-widget-container\">\n\t\t\t\t\t<p class=\"elementor-heading-title elementor-size-default\">Academy<\/p>\t\t\t\t<\/div>\n\t\t\t\t<\/div>\n\t\t\t\t<div class=\"elementor-element elementor-element-681364e elementor-widget elementor-widget-text-editor\" data-id=\"681364e\" data-element_type=\"widget\" data-widget_type=\"text-editor.default\">\n\t\t\t\t<div class=\"elementor-widget-container\">\n\t\t\t\t\t\t\t\t\t<p class=\"color_color_3 t1 sentence_stlye\">Welcome to the world of applicable, theoretical and practical knowledge based upon years of experience!<\/p>\t\t\t\t\t\t\t\t<\/div>\n\t\t\t\t<\/div>\n\t\t\t\t\t<\/div>\n\t\t<\/div>\n\t\t\t\t\t<\/div>\n\t\t<\/section>\n\t\t\t\t<section class=\"elementor-section elementor-top-section elementor-element elementor-element-84faff3 elementor-section-boxed elementor-section-height-default elementor-section-height-default\" data-id=\"84faff3\" data-element_type=\"section\">\n\t\t\t\t\t\t<div class=\"elementor-container elementor-column-gap-default\">\n\t\t\t\t\t<div class=\"elementor-column elementor-col-100 elementor-top-column elementor-element elementor-element-6e8952a\" data-id=\"6e8952a\" data-element_type=\"column\">\n\t\t\t<div class=\"elementor-widget-wrap elementor-element-populated\">\n\t\t\t\t\t\t<div class=\"elementor-element elementor-element-9abcd4d elementor-widget elementor-widget-eael-adv-tabs\" data-id=\"9abcd4d\" data-element_type=\"widget\" data-widget_type=\"eael-adv-tabs.default\">\n\t\t\t\t<div class=\"elementor-widget-container\">\n\t\t\t\t\t        <div data-scroll-on-click=\"no\" data-scroll-speed=\"300\" id=\"eael-advance-tabs-9abcd4d\" class=\"eael-advance-tabs eael-tabs-horizontal eael-tab-auto-active  active-caret-on\" data-tabid=\"9abcd4d\">\n            <div class=\"eael-tabs-nav\">\n                <ul class=\"eael-tab-top-icon\" role=\"tablist\">\n                                            <li id=\"brequestris-akademija\" class=\"active-default eael-tab-item-trigger eael-tab-nav-item\" aria-selected=\"true\" data-tab=\"1\" role=\"tab\" tabindex=\"0\" aria-controls=\"brequestris-akademija-tab\" aria-expanded=\"false\">\n                            \n                                                                <i class=\"fas fa-graduation-cap\"><\/i>                                                            \n                            \n                                                            <span class=\"eael-tab-title title-after-icon\" ><br>EQUESTRIS ACADEMY<\/span>                                                    <\/li>\n                                            <li id=\"bronline-webinari-\" class=\"inactive eael-tab-item-trigger eael-tab-nav-item\" aria-selected=\"false\" data-tab=\"2\" role=\"tab\" tabindex=\"-1\" aria-controls=\"bronline-webinari--tab\" aria-expanded=\"false\">\n                            \n                                                                <i class=\"fas fa-video\"><\/i>                                                            \n                            \n                                                            <span class=\"eael-tab-title title-after-icon\" ><br>ONLINE WEBINARS<\/span>                                                    <\/li>\n                                            <li id=\"besplatni-bredukativni-sadraj\" class=\"inactive eael-tab-item-trigger eael-tab-nav-item\" aria-selected=\"false\" data-tab=\"3\" role=\"tab\" tabindex=\"-1\" aria-controls=\"besplatni-bredukativni-sadraj-tab\" aria-expanded=\"false\">\n                            \n                                                                <i class=\"icon icon-open-book\"><\/i>                                                            \n                            \n                                                            <span class=\"eael-tab-title title-after-icon\" >FREE <br>EDUCATIONAL CONTENT<\/span>                                                    <\/li>\n                                    <\/ul>\n            <\/div>\n            \n            <div class=\"eael-tabs-content\">\n\t\t        \n                    <div id=\"brequestris-akademija-tab\" class=\"clearfix eael-tab-content-item active-default\" data-title-link=\"brequestris-akademija-tab\">\n\t\t\t\t        <p>EQUESTRIS Academy entitled \"Strategic Management of Communication and Advocacy\", provides carefully selected theoretical and practical knowledge reinforced by real-life examples from each step of the strategic management process for communication and advocacy. The academy lasts 4 weeks, held twice a week for 120 minutes in the afternoon, and consists of 8 modules.<\/p><p>The content of the academy is prepared so that rapid acquisition of relevant knowledge is possible, whether it is public relations professionals who want to further improve their knowledge, or those who have an ongoing interest in the strategic management of communication and advocacy.<\/p><p style=\"text-align: center;\"><span style=\"color: #f1b434;\"><strong><a style=\"color: #f1b434;\" href=\"https:\/\/equestris.hr\/eng\/akademija\/equestris-akademija\/\" rel=\"noopener\">LEARN MORE!<\/a><\/strong><\/span><\/p>                    <\/div>\n\t\t        \n                    <div id=\"bronline-webinari--tab\" class=\"clearfix eael-tab-content-item inactive\" data-title-link=\"bronline-webinari--tab\">\n\t\t\t\t        <p class=\"translation-block\">Here, at our Online Academy you can find and download free educational content presented in <i>webinars<\/i>. You can also participate in free or paid <i>webinars.<\/i><\/p><p style=\"text-align: center;\"><span style=\"color: #f1b434;\"><strong><a style=\"color: #f1b434;\" href=\"https:\/\/equestris.hr\/eng\/akademija\/online-webinari\/\" rel=\"noopener\">LEARN MORE!<\/a><\/strong><\/span><\/p>                    <\/div>\n\t\t        \n                    <div id=\"besplatni-bredukativni-sadraj-tab\" class=\"clearfix eael-tab-content-item inactive\" data-title-link=\"besplatni-bredukativni-sadraj-tab\">\n\t\t\t\t        <p style=\"text-align: center;\">Here you can find detailed information about what we do and how we do it, along with our educational content and free eBooks.<\/p><p style=\"text-align: center;\">Download our free eBooks and contact us, so we can build your success together!<\/p><p style=\"text-align: center;\"><span style=\"color: #f1b434;\"><strong><a style=\"color: #f1b434;\" href=\"https:\/\/equestris.hr\/eng\/akademija\/besplatni-edukativni-sadrzaj\/\" rel=\"noopener\">LEARN MORE!<\/a><\/strong><\/span><\/p>                    <\/div>\n\t\t                    <\/div>\n        <\/div>\n\t\t\t\t<\/div>\n\t\t\t\t<\/div>\n\t\t\t\t\t<\/div>\n\t\t<\/div>\n\t\t\t\t\t<\/div>\n\t\t<\/section>\n\t\t\t\t<\/div>","protected":false},"excerpt":{"rendered":"<p>Akademija Dobrodo\u0161li u svijet primjenjivog teoretskog i prakti\u010dnog znanja baziranog na dugogodi\u0161njem iskustvu! EQUESTRIS AKADEMIJA\u200b ONLINE WEBINARI \u200b BESPLATNI EDUKATIVNI SADR\u017dAJ EQUESTRIS Akademija pod nazivom \u201eStrate\u0161ko upravljanje komunikacijom, zagovaranjem i lobiranjem\u201c pru\u017ea pa\u017eljivo odabrana teorijska i prakti\u010dna znanja te stvarne primjere iz svakog segmenta procesa strate\u0161kog upravljanja komunikacijom i zagovaranjem. Akademija traje 4 tjedna i [&hellip;]<\/p>","protected":false},"author":1,"featured_media":0,"parent":0,"menu_order":0,"comment_status":"closed","ping_status":"closed","template":"","meta":{"_monsterinsights_skip_tracking":false,"_monsterinsights_sitenote_active":false,"_monsterinsights_sitenote_note":"","_monsterinsights_sitenote_category":0,"site-sidebar-layout":"no-sidebar","site-content-layout":"page-builder","ast-site-content-layout":"","site-content-style":"default","site-sidebar-style":"default","ast-global-header-display":"","ast-banner-title-visibility":"","ast-main-header-display":"","ast-hfb-above-header-display":"","ast-hfb-below-header-display":"","ast-hfb-mobile-header-display":"","site-post-title":"disabled","ast-breadcrumbs-content":"","ast-featured-img":"disabled","footer-sml-layout":"","theme-transparent-header-meta":"default","adv-header-id-meta":"","stick-header-meta":"","header-above-stick-meta":"","header-main-stick-meta":"","header-below-stick-meta":"","astra-migrate-meta-layouts":"default","ast-page-background-enabled":"default","ast-page-background-meta":{"desktop":{"background-color":"var(--ast-global-color-4)","background-image":"","background-repeat":"repeat","background-position":"center center","background-size":"auto","background-attachment":"scroll","background-type":"","background-media":"","overlay-type":"","overlay-color":"","overlay-opacity":"","overlay-gradient":""},"tablet":{"background-color":"","background-image":"","background-repeat":"repeat","background-position":"center center","background-size":"auto","background-attachment":"scroll","background-type":"","background-media":"","overlay-type":"","overlay-color":"","overlay-opacity":"","overlay-gradient":""},"mobile":{"background-color":"","background-image":"","background-repeat":"repeat","background-position":"center center","background-size":"auto","background-attachment":"scroll","background-type":"","background-media":"","overlay-type":"","overlay-color":"","overlay-opacity":"","overlay-gradient":""}},"ast-content-background-meta":{"desktop":{"background-color":"var(--ast-global-color-5)","background-image":"","background-repeat":"repeat","background-position":"center center","background-size":"auto","background-attachment":"scroll","background-type":"","background-media":"","overlay-type":"","overlay-color":"","overlay-opacity":"","overlay-gradient":""},"tablet":{"background-color":"var(--ast-global-color-5)","background-image":"","background-repeat":"repeat","background-position":"center center","background-size":"auto","background-attachment":"scroll","background-type":"","background-media":"","overlay-type":"","overlay-color":"","overlay-opacity":"","overlay-gradient":""},"mobile":{"background-color":"var(--ast-global-color-5)","background-image":"","background-repeat":"repeat","background-position":"center center","background-size":"auto","background-attachment":"scroll","background-type":"","background-media":"","overlay-type":"","overlay-color":"","overlay-opacity":"","overlay-gradient":""}},"footnotes":""},"class_list":["post-1745","page","type-page","status-publish","hentry"],"yoast_head":"<!-- This site is optimized with the Yoast SEO plugin v27.4 - https:\/\/yoast.com\/product\/yoast-seo-wordpress\/ -->\n<title>Akademija - EQUESTRIS<\/title>\n<meta name=\"robots\" content=\"index, follow, max-snippet:-1, max-image-preview:large, max-video-preview:-1\" \/>\n<link rel=\"canonical\" href=\"https:\/\/equestris.hr\/eng\/akademija\/\" \/>\n<meta property=\"og:locale\" content=\"en_GB\" \/>\n<meta property=\"og:type\" content=\"article\" \/>\n<meta property=\"og:title\" content=\"Akademija - EQUESTRIS\" \/>\n<meta property=\"og:description\" content=\"Akademija Dobrodo\u0161li u svijet primjenjivog teoretskog i prakti\u010dnog znanja baziranog na dugogodi\u0161njem iskustvu! EQUESTRIS AKADEMIJA\u200b ONLINE WEBINARI \u200b BESPLATNI EDUKATIVNI SADR\u017dAJ EQUESTRIS Akademija pod nazivom \u201eStrate\u0161ko upravljanje komunikacijom, zagovaranjem i lobiranjem\u201c pru\u017ea pa\u017eljivo odabrana teorijska i prakti\u010dna znanja te stvarne primjere iz svakog segmenta procesa strate\u0161kog upravljanja komunikacijom i zagovaranjem. Akademija traje 4 tjedna i [&hellip;]\" \/>\n<meta property=\"og:url\" content=\"https:\/\/equestris.hr\/eng\/akademija\/\" \/>\n<meta property=\"og:site_name\" content=\"EQUESTRIS\" \/>\n<meta property=\"article:modified_time\" content=\"2021-05-19T11:17:35+00:00\" \/>\n<meta name=\"twitter:card\" content=\"summary_large_image\" \/>\n<meta name=\"twitter:label1\" content=\"Estimated reading time\" \/>\n\t<meta name=\"twitter:data1\" content=\"1 minute\" \/>\n<script type=\"application\/ld+json\" class=\"yoast-schema-graph\">{\"@context\":\"https:\\\/\\\/schema.org\",\"@graph\":[{\"@type\":\"WebPage\",\"@id\":\"https:\\\/\\\/equestris.hr\\\/akademija\\\/\",\"url\":\"https:\\\/\\\/equestris.hr\\\/akademija\\\/\",\"name\":\"Akademija - EQUESTRIS\",\"isPartOf\":{\"@id\":\"https:\\\/\\\/equestris.hr\\\/#website\"},\"datePublished\":\"2021-04-29T13:11:17+00:00\",\"dateModified\":\"2021-05-19T11:17:35+00:00\",\"breadcrumb\":{\"@id\":\"https:\\\/\\\/equestris.hr\\\/akademija\\\/#breadcrumb\"},\"inLanguage\":\"en-GB\",\"potentialAction\":[{\"@type\":\"ReadAction\",\"target\":[\"https:\\\/\\\/equestris.hr\\\/akademija\\\/\"]}]},{\"@type\":\"BreadcrumbList\",\"@id\":\"https:\\\/\\\/equestris.hr\\\/akademija\\\/#breadcrumb\",\"itemListElement\":[{\"@type\":\"ListItem\",\"position\":1,\"name\":\"Home\",\"item\":\"https:\\\/\\\/equestris.hr\\\/\"},{\"@type\":\"ListItem\",\"position\":2,\"name\":\"Akademija\"}]},{\"@type\":\"WebSite\",\"@id\":\"https:\\\/\\\/equestris.hr\\\/#website\",\"url\":\"https:\\\/\\\/equestris.hr\\\/\",\"name\":\"EQUESTRIS\",\"description\":\"\",\"publisher\":{\"@id\":\"https:\\\/\\\/equestris.hr\\\/#organization\"},\"potentialAction\":[{\"@type\":\"SearchAction\",\"target\":{\"@type\":\"EntryPoint\",\"urlTemplate\":\"https:\\\/\\\/equestris.hr\\\/?s={search_term_string}\"},\"query-input\":{\"@type\":\"PropertyValueSpecification\",\"valueRequired\":true,\"valueName\":\"search_term_string\"}}],\"inLanguage\":\"en-GB\"},{\"@type\":\"Organization\",\"@id\":\"https:\\\/\\\/equestris.hr\\\/#organization\",\"name\":\"EQUESTRIS\",\"url\":\"https:\\\/\\\/equestris.hr\\\/\",\"logo\":{\"@type\":\"ImageObject\",\"inLanguage\":\"en-GB\",\"@id\":\"https:\\\/\\\/equestris.hr\\\/#\\\/schema\\\/logo\\\/image\\\/\",\"url\":\"https:\\\/\\\/equestris.hr\\\/wp-content\\\/uploads\\\/2021\\\/04\\\/cropped-eqestris-logo.png\",\"contentUrl\":\"https:\\\/\\\/equestris.hr\\\/wp-content\\\/uploads\\\/2021\\\/04\\\/cropped-eqestris-logo.png\",\"width\":246,\"height\":100,\"caption\":\"EQUESTRIS\"},\"image\":{\"@id\":\"https:\\\/\\\/equestris.hr\\\/#\\\/schema\\\/logo\\\/image\\\/\"}}]}<\/script>\n<!-- \/ Yoast SEO plugin. -->","yoast_head_json":{"title":"Akademija - EQUESTRIS","robots":{"index":"index","follow":"follow","max-snippet":"max-snippet:-1","max-image-preview":"max-image-preview:large","max-video-preview":"max-video-preview:-1"},"canonical":"https:\/\/equestris.hr\/eng\/akademija\/","og_locale":"en_GB","og_type":"article","og_title":"Akademija - EQUESTRIS","og_description":"Akademija Dobrodo\u0161li u svijet primjenjivog teoretskog i prakti\u010dnog znanja baziranog na dugogodi\u0161njem iskustvu! EQUESTRIS AKADEMIJA\u200b ONLINE WEBINARI \u200b BESPLATNI EDUKATIVNI SADR\u017dAJ EQUESTRIS Akademija pod nazivom \u201eStrate\u0161ko upravljanje komunikacijom, zagovaranjem i lobiranjem\u201c pru\u017ea pa\u017eljivo odabrana teorijska i prakti\u010dna znanja te stvarne primjere iz svakog segmenta procesa strate\u0161kog upravljanja komunikacijom i zagovaranjem. Akademija traje 4 tjedna i [&hellip;]","og_url":"https:\/\/equestris.hr\/eng\/akademija\/","og_site_name":"EQUESTRIS","article_modified_time":"2021-05-19T11:17:35+00:00","twitter_card":"summary_large_image","twitter_misc":{"Estimated reading time":"1 minute"},"schema":{"@context":"https:\/\/schema.org","@graph":[{"@type":"WebPage","@id":"https:\/\/equestris.hr\/akademija\/","url":"https:\/\/equestris.hr\/akademija\/","name":"Akademija - EQUESTRIS","isPartOf":{"@id":"https:\/\/equestris.hr\/#website"},"datePublished":"2021-04-29T13:11:17+00:00","dateModified":"2021-05-19T11:17:35+00:00","breadcrumb":{"@id":"https:\/\/equestris.hr\/akademija\/#breadcrumb"},"inLanguage":"en-GB","potentialAction":[{"@type":"ReadAction","target":["https:\/\/equestris.hr\/akademija\/"]}]},{"@type":"BreadcrumbList","@id":"https:\/\/equestris.hr\/akademija\/#breadcrumb","itemListElement":[{"@type":"ListItem","position":1,"name":"Home","item":"https:\/\/equestris.hr\/"},{"@type":"ListItem","position":2,"name":"Akademija"}]},{"@type":"WebSite","@id":"https:\/\/equestris.hr\/#website","url":"https:\/\/equestris.hr\/","name":"EQUESTRIS","description":"","publisher":{"@id":"https:\/\/equestris.hr\/#organization"},"potentialAction":[{"@type":"SearchAction","target":{"@type":"EntryPoint","urlTemplate":"https:\/\/equestris.hr\/?s={search_term_string}"},"query-input":{"@type":"PropertyValueSpecification","valueRequired":true,"valueName":"search_term_string"}}],"inLanguage":"en-GB"},{"@type":"Organization","@id":"https:\/\/equestris.hr\/#organization","name":"EQUESTRIS","url":"https:\/\/equestris.hr\/","logo":{"@type":"ImageObject","inLanguage":"en-GB","@id":"https:\/\/equestris.hr\/#\/schema\/logo\/image\/","url":"https:\/\/equestris.hr\/wp-content\/uploads\/2021\/04\/cropped-eqestris-logo.png","contentUrl":"https:\/\/equestris.hr\/wp-content\/uploads\/2021\/04\/cropped-eqestris-logo.png","width":246,"height":100,"caption":"EQUESTRIS"},"image":{"@id":"https:\/\/equestris.hr\/#\/schema\/logo\/image\/"}}]}},"_links":{"self":[{"href":"https:\/\/equestris.hr\/eng\/wp-json\/wp\/v2\/pages\/1745","targetHints":{"allow":["GET"]}}],"collection":[{"href":"https:\/\/equestris.hr\/eng\/wp-json\/wp\/v2\/pages"}],"about":[{"href":"https:\/\/equestris.hr\/eng\/wp-json\/wp\/v2\/types\/page"}],"author":[{"embeddable":true,"href":"https:\/\/equestris.hr\/eng\/wp-json\/wp\/v2\/users\/1"}],"replies":[{"embeddable":true,"href":"https:\/\/equestris.hr\/eng\/wp-json\/wp\/v2\/comments?post=1745"}],"version-history":[{"count":84,"href":"https:\/\/equestris.hr\/eng\/wp-json\/wp\/v2\/pages\/1745\/revisions"}],"predecessor-version":[{"id":6195,"href":"https:\/\/equestris.hr\/eng\/wp-json\/wp\/v2\/pages\/1745\/revisions\/6195"}],"wp:attachment":[{"href":"https:\/\/equestris.hr\/eng\/wp-json\/wp\/v2\/media?parent=1745"}],"curies":[{"name":"wp","href":"https:\/\/api.w.org\/{rel}","templated":true}]}}