{"id":1575,"date":"2021-04-27T12:35:31","date_gmt":"2021-04-27T12:35:31","guid":{"rendered":"https:\/\/na-ramenima-divova.com\/?page_id=1575"},"modified":"2023-05-01T20:22:52","modified_gmt":"2023-05-01T20:22:52","slug":"koraljka-baricevic","status":"publish","type":"page","link":"https:\/\/equestris.hr\/eng\/o-nama\/tim\/koraljka-baricevic\/","title":{"rendered":"KORALJKA BARI\u010cEVI\u0106"},"content":{"rendered":"<div data-elementor-type=\"wp-page\" data-elementor-id=\"1575\" class=\"elementor elementor-1575\">\n\t\t\t\t\t\t<section class=\"elementor-section elementor-top-section elementor-element elementor-element-197b8ec elementor-section-boxed elementor-section-height-default elementor-section-height-default\" data-id=\"197b8ec\" data-element_type=\"section\">\n\t\t\t\t\t\t<div class=\"elementor-container elementor-column-gap-default\">\n\t\t\t\t\t<div class=\"elementor-column elementor-col-100 elementor-top-column elementor-element elementor-element-41817f6\" data-id=\"41817f6\" data-element_type=\"column\">\n\t\t\t<div class=\"elementor-widget-wrap elementor-element-populated\">\n\t\t\t\t\t\t<div class=\"elementor-element elementor-element-5613b30 elementor-widget elementor-widget-heading\" data-id=\"5613b30\" data-element_type=\"widget\" data-widget_type=\"heading.default\">\n\t\t\t\t<div class=\"elementor-widget-container\">\n\t\t\t\t\t<p class=\"elementor-heading-title elementor-size-default\">KORALJKA BARI\u010cEVI\u0106<\/p>\t\t\t\t<\/div>\n\t\t\t\t<\/div>\n\t\t\t\t<div class=\"elementor-element elementor-element-0638d8b elementor-widget elementor-widget-text-editor\" data-id=\"0638d8b\" data-element_type=\"widget\" data-widget_type=\"text-editor.default\">\n\t\t\t\t<div class=\"elementor-widget-container\">\n\t\t\t\t\t\t\t\t\t<p class=\"color_color_3 t1 sentence_stlye\">Client Services Director\u200b<\/p>\t\t\t\t\t\t\t\t<\/div>\n\t\t\t\t<\/div>\n\t\t\t\t<section class=\"elementor-section elementor-inner-section elementor-element elementor-element-dd467d3 elementor-section-boxed elementor-section-height-default elementor-section-height-default\" data-id=\"dd467d3\" data-element_type=\"section\">\n\t\t\t\t\t\t<div class=\"elementor-container elementor-column-gap-default\">\n\t\t\t\t\t<div class=\"elementor-column elementor-col-50 elementor-inner-column elementor-element elementor-element-2828678\" data-id=\"2828678\" data-element_type=\"column\">\n\t\t\t<div class=\"elementor-widget-wrap elementor-element-populated\">\n\t\t\t\t\t\t<div class=\"elementor-element elementor-element-308979c elementor-widget elementor-widget-text-editor\" data-id=\"308979c\" data-element_type=\"widget\" data-widget_type=\"text-editor.default\">\n\t\t\t\t<div class=\"elementor-widget-container\">\n\t\t\t\t\t\t\t\t\t<p>With a double degree in Information Sciences and Italian Language and Literature, Koraljka has built her rich professional communication experience working in the corporate sector as Head of Public Relations at Hipermarketi Coop, as well as in the NGO sector working as Secretary General of the Croatian Public Relations Association.<\/p><p>She is particularly experienced in media relations, event management, internal and external communication. She has contributed to communications projects for various NGOs and state institutions, which include holding education training at the European Commission Representation in Croatia.<\/p><p>She is a member of the Croatian Public Relations Association (HUOJ).<\/p>\t\t\t\t\t\t\t\t<\/div>\n\t\t\t\t<\/div>\n\t\t\t\t\t<\/div>\n\t\t<\/div>\n\t\t\t\t<div class=\"elementor-column elementor-col-50 elementor-inner-column elementor-element elementor-element-2878632\" data-id=\"2878632\" data-element_type=\"column\">\n\t\t\t<div class=\"elementor-widget-wrap elementor-element-populated\">\n\t\t\t\t\t\t<div class=\"elementor-element elementor-element-b25ba97 elementor-widget elementor-widget-image\" data-id=\"b25ba97\" data-element_type=\"widget\" data-widget_type=\"image.default\">\n\t\t\t\t<div class=\"elementor-widget-container\">\n\t\t\t\t\t\t\t\t\t\t\t\t\t\t\t<img fetchpriority=\"high\" decoding=\"async\" width=\"350\" height=\"350\" src=\"https:\/\/equestris.hr\/wp-content\/uploads\/2021\/04\/Koraljka-Baricevic-480x350-1-e1619098181423.jpg\" class=\"attachment-full size-full wp-image-1191\" alt=\"\" srcset=\"https:\/\/equestris.hr\/wp-content\/uploads\/2021\/04\/Koraljka-Baricevic-480x350-1-e1619098181423.jpg 350w, https:\/\/equestris.hr\/wp-content\/uploads\/2021\/04\/Koraljka-Baricevic-480x350-1-e1619098181423-300x300.jpg 300w, https:\/\/equestris.hr\/wp-content\/uploads\/2021\/04\/Koraljka-Baricevic-480x350-1-e1619098181423-100x100.jpg 100w, https:\/\/equestris.hr\/wp-content\/uploads\/2021\/04\/Koraljka-Baricevic-480x350-1-e1619098181423-150x150.jpg 150w\" sizes=\"(max-width: 350px) 100vw, 350px\" \/>\t\t\t\t\t\t\t\t\t\t\t\t\t\t\t<\/div>\n\t\t\t\t<\/div>\n\t\t\t\t\t<\/div>\n\t\t<\/div>\n\t\t\t\t\t<\/div>\n\t\t<\/section>\n\t\t\t\t\t<\/div>\n\t\t<\/div>\n\t\t\t\t\t<\/div>\n\t\t<\/section>\n\t\t\t\t<section class=\"elementor-section elementor-top-section elementor-element elementor-element-a93b940 elementor-section-boxed elementor-section-height-default elementor-section-height-default\" data-id=\"a93b940\" data-element_type=\"section\">\n\t\t\t\t\t\t<div class=\"elementor-container elementor-column-gap-default\">\n\t\t\t\t\t<div class=\"elementor-column elementor-col-33 elementor-top-column elementor-element elementor-element-b747501\" data-id=\"b747501\" data-element_type=\"column\">\n\t\t\t<div class=\"elementor-widget-wrap elementor-element-populated\">\n\t\t\t\t\t\t<div class=\"elementor-element elementor-element-f2e1e57 elementor-position-top elementor-widget elementor-widget-image-box\" data-id=\"f2e1e57\" data-element_type=\"widget\" data-widget_type=\"image-box.default\">\n\t\t\t\t<div class=\"elementor-widget-container\">\n\t\t\t\t\t<div class=\"elementor-image-box-wrapper\"><figure class=\"elementor-image-box-img\"><a href=\"https:\/\/equestris.hr\/eng\/o-nama\/tim\/sandro-baricevic\/\" tabindex=\"-1\"><img decoding=\"async\" width=\"350\" height=\"350\" src=\"https:\/\/equestris.hr\/wp-content\/uploads\/2021\/04\/IMG_5030-480x350-1-e1619098160315.jpg\" class=\"attachment-full size-full wp-image-1189\" alt=\"\" srcset=\"https:\/\/equestris.hr\/wp-content\/uploads\/2021\/04\/IMG_5030-480x350-1-e1619098160315.jpg 350w, https:\/\/equestris.hr\/wp-content\/uploads\/2021\/04\/IMG_5030-480x350-1-e1619098160315-300x300.jpg 300w, https:\/\/equestris.hr\/wp-content\/uploads\/2021\/04\/IMG_5030-480x350-1-e1619098160315-100x100.jpg 100w, https:\/\/equestris.hr\/wp-content\/uploads\/2021\/04\/IMG_5030-480x350-1-e1619098160315-150x150.jpg 150w\" sizes=\"(max-width: 350px) 100vw, 350px\" \/><\/a><\/figure><div class=\"elementor-image-box-content\"><p class=\"elementor-image-box-title\"><a href=\"https:\/\/equestris.hr\/eng\/o-nama\/tim\/sandro-baricevic\/\">SANDRO BARI\u010cEVI\u0106<\/a><\/p><p class=\"elementor-image-box-description\">CEO<\/p><\/div><\/div>\t\t\t\t<\/div>\n\t\t\t\t<\/div>\n\t\t\t\t\t<\/div>\n\t\t<\/div>\n\t\t\t\t<div class=\"elementor-column elementor-col-33 elementor-top-column elementor-element elementor-element-b0a12d4\" data-id=\"b0a12d4\" data-element_type=\"column\">\n\t\t\t<div class=\"elementor-widget-wrap elementor-element-populated\">\n\t\t\t\t\t\t<div class=\"elementor-element elementor-element-eb42f49 elementor-position-top elementor-widget elementor-widget-image-box\" data-id=\"eb42f49\" data-element_type=\"widget\" data-widget_type=\"image-box.default\">\n\t\t\t\t<div class=\"elementor-widget-container\">\n\t\t\t\t\t<div class=\"elementor-image-box-wrapper\"><figure class=\"elementor-image-box-img\"><a href=\"https:\/\/equestris.hr\/eng\/o-nama\/tim\/lana-krnic\/\" tabindex=\"-1\"><img decoding=\"async\" width=\"1855\" height=\"1855\" src=\"https:\/\/equestris.hr\/wp-content\/uploads\/2022\/01\/Lana-Krnic-photo.jpg\" class=\"attachment-full size-full wp-image-6979\" alt=\"\" srcset=\"https:\/\/equestris.hr\/wp-content\/uploads\/2022\/01\/Lana-Krnic-photo.jpg 1855w, https:\/\/equestris.hr\/wp-content\/uploads\/2022\/01\/Lana-Krnic-photo-300x300.jpg 300w, https:\/\/equestris.hr\/wp-content\/uploads\/2022\/01\/Lana-Krnic-photo-1024x1024.jpg 1024w, https:\/\/equestris.hr\/wp-content\/uploads\/2022\/01\/Lana-Krnic-photo-150x150.jpg 150w, https:\/\/equestris.hr\/wp-content\/uploads\/2022\/01\/Lana-Krnic-photo-768x768.jpg 768w, https:\/\/equestris.hr\/wp-content\/uploads\/2022\/01\/Lana-Krnic-photo-1536x1536.jpg 1536w, https:\/\/equestris.hr\/wp-content\/uploads\/2022\/01\/Lana-Krnic-photo-12x12.jpg 12w, https:\/\/equestris.hr\/wp-content\/uploads\/2022\/01\/Lana-Krnic-photo-600x600.jpg 600w, https:\/\/equestris.hr\/wp-content\/uploads\/2022\/01\/Lana-Krnic-photo-100x100.jpg 100w\" sizes=\"(max-width: 1855px) 100vw, 1855px\" \/><\/a><\/figure><div class=\"elementor-image-box-content\"><p class=\"elementor-image-box-title\"><a href=\"https:\/\/equestris.hr\/eng\/o-nama\/tim\/lana-krnic\/\">LANA KRNIC<\/a><\/p><p class=\"elementor-image-box-description\">Head of Communications<\/p><\/div><\/div>\t\t\t\t<\/div>\n\t\t\t\t<\/div>\n\t\t\t\t\t<\/div>\n\t\t<\/div>\n\t\t\t\t<div class=\"elementor-column elementor-col-33 elementor-top-column elementor-element elementor-element-22dcea3\" data-id=\"22dcea3\" data-element_type=\"column\">\n\t\t\t<div class=\"elementor-widget-wrap elementor-element-populated\">\n\t\t\t\t\t\t<div class=\"elementor-element elementor-element-05fd0b4 elementor-position-top elementor-widget elementor-widget-image-box\" data-id=\"05fd0b4\" data-element_type=\"widget\" data-widget_type=\"image-box.default\">\n\t\t\t\t<div class=\"elementor-widget-container\">\n\t\t\t\t\t<div class=\"elementor-image-box-wrapper\"><figure class=\"elementor-image-box-img\"><a href=\"https:\/\/equestris.hr\/eng\/o-nama\/tim\/ilan-nestic\/\" tabindex=\"-1\"><img loading=\"lazy\" decoding=\"async\" width=\"1573\" height=\"1574\" src=\"https:\/\/equestris.hr\/wp-content\/uploads\/2023\/05\/Ilan-Nestic-Equestris.jpg\" class=\"attachment-full size-full wp-image-9065\" alt=\"Ilan Nesti\u0107 Equestris\" srcset=\"https:\/\/equestris.hr\/wp-content\/uploads\/2023\/05\/Ilan-Nestic-Equestris.jpg 1573w, https:\/\/equestris.hr\/wp-content\/uploads\/2023\/05\/Ilan-Nestic-Equestris-300x300.jpg 300w, https:\/\/equestris.hr\/wp-content\/uploads\/2023\/05\/Ilan-Nestic-Equestris-1024x1024.jpg 1024w, https:\/\/equestris.hr\/wp-content\/uploads\/2023\/05\/Ilan-Nestic-Equestris-150x150.jpg 150w, https:\/\/equestris.hr\/wp-content\/uploads\/2023\/05\/Ilan-Nestic-Equestris-768x768.jpg 768w, https:\/\/equestris.hr\/wp-content\/uploads\/2023\/05\/Ilan-Nestic-Equestris-1536x1536.jpg 1536w, https:\/\/equestris.hr\/wp-content\/uploads\/2023\/05\/Ilan-Nestic-Equestris-12x12.jpg 12w, https:\/\/equestris.hr\/wp-content\/uploads\/2023\/05\/Ilan-Nestic-Equestris-600x600.jpg 600w, https:\/\/equestris.hr\/wp-content\/uploads\/2023\/05\/Ilan-Nestic-Equestris-100x100.jpg 100w\" sizes=\"(max-width: 1573px) 100vw, 1573px\" \/><\/a><\/figure><div class=\"elementor-image-box-content\"><p class=\"elementor-image-box-title\"><a href=\"https:\/\/equestris.hr\/eng\/o-nama\/tim\/ilan-nestic\/\">ILAN NESTI\u0106<\/a><\/p><p class=\"elementor-image-box-description\">Data Analyst<\/p><\/div><\/div>\t\t\t\t<\/div>\n\t\t\t\t<\/div>\n\t\t\t\t\t<\/div>\n\t\t<\/div>\n\t\t\t\t\t<\/div>\n\t\t<\/section>\n\t\t\t\t<\/div>","protected":false},"excerpt":{"rendered":"<p>KORALJKA BARI\u010cEVI\u0106 Client Services Director\u200b Kao profesor Informacijskih znanosti te talijanskog jezika i knji\u017eevnosti, profesionalno vi\u0161egodi\u0161nje iskustvo u komunikacijama stjecala je u korporativnom sektoru kao Voditelj odnosa s javno\u0161\u0107u multinacionalne kompanije Hipermarketi Coop te u nevladinom sektoru kao Glavna tajnica Hrvatske udruge za odnose s javno\u0161\u0107u. Osobito bogato iskustvo ima u podru\u010dju odnosa s medijima, [&hellip;]<\/p>","protected":false},"author":1,"featured_media":0,"parent":1403,"menu_order":0,"comment_status":"closed","ping_status":"closed","template":"","meta":{"_monsterinsights_skip_tracking":false,"_monsterinsights_sitenote_active":false,"_monsterinsights_sitenote_note":"","_monsterinsights_sitenote_category":0,"site-sidebar-layout":"no-sidebar","site-content-layout":"page-builder","ast-site-content-layout":"","site-content-style":"default","site-sidebar-style":"default","ast-global-header-display":"","ast-banner-title-visibility":"","ast-main-header-display":"","ast-hfb-above-header-display":"","ast-hfb-below-header-display":"","ast-hfb-mobile-header-display":"","site-post-title":"disabled","ast-breadcrumbs-content":"","ast-featured-img":"disabled","footer-sml-layout":"","theme-transparent-header-meta":"default","adv-header-id-meta":"","stick-header-meta":"","header-above-stick-meta":"","header-main-stick-meta":"","header-below-stick-meta":"","astra-migrate-meta-layouts":"default","ast-page-background-enabled":"default","ast-page-background-meta":{"desktop":{"background-color":"var(--ast-global-color-4)","background-image":"","background-repeat":"repeat","background-position":"center center","background-size":"auto","background-attachment":"scroll","background-type":"","background-media":"","overlay-type":"","overlay-color":"","overlay-opacity":"","overlay-gradient":""},"tablet":{"background-color":"","background-image":"","background-repeat":"repeat","background-position":"center center","background-size":"auto","background-attachment":"scroll","background-type":"","background-media":"","overlay-type":"","overlay-color":"","overlay-opacity":"","overlay-gradient":""},"mobile":{"background-color":"","background-image":"","background-repeat":"repeat","background-position":"center center","background-size":"auto","background-attachment":"scroll","background-type":"","background-media":"","overlay-type":"","overlay-color":"","overlay-opacity":"","overlay-gradient":""}},"ast-content-background-meta":{"desktop":{"background-color":"var(--ast-global-color-5)","background-image":"","background-repeat":"repeat","background-position":"center center","background-size":"auto","background-attachment":"scroll","background-type":"","background-media":"","overlay-type":"","overlay-color":"","overlay-opacity":"","overlay-gradient":""},"tablet":{"background-color":"var(--ast-global-color-5)","background-image":"","background-repeat":"repeat","background-position":"center center","background-size":"auto","background-attachment":"scroll","background-type":"","background-media":"","overlay-type":"","overlay-color":"","overlay-opacity":"","overlay-gradient":""},"mobile":{"background-color":"var(--ast-global-color-5)","background-image":"","background-repeat":"repeat","background-position":"center center","background-size":"auto","background-attachment":"scroll","background-type":"","background-media":"","overlay-type":"","overlay-color":"","overlay-opacity":"","overlay-gradient":""}},"footnotes":""},"class_list":["post-1575","page","type-page","status-publish","hentry"],"yoast_head":"<!-- This site is optimized with the Yoast SEO plugin v27.5 - https:\/\/yoast.com\/product\/yoast-seo-wordpress\/ -->\n<title>KORALJKA BARI\u010cEVI\u0106 - EQUESTRIS<\/title>\n<meta name=\"robots\" content=\"index, follow, max-snippet:-1, max-image-preview:large, max-video-preview:-1\" \/>\n<link rel=\"canonical\" href=\"https:\/\/equestris.hr\/eng\/o-nama\/tim\/koraljka-baricevic\/\" \/>\n<meta property=\"og:locale\" content=\"en_GB\" \/>\n<meta property=\"og:type\" content=\"article\" \/>\n<meta property=\"og:title\" content=\"KORALJKA BARI\u010cEVI\u0106 - EQUESTRIS\" \/>\n<meta property=\"og:description\" content=\"KORALJKA BARI\u010cEVI\u0106 Client Services Director\u200b Kao profesor Informacijskih znanosti te talijanskog jezika i knji\u017eevnosti, profesionalno vi\u0161egodi\u0161nje iskustvo u komunikacijama stjecala je u korporativnom sektoru kao Voditelj odnosa s javno\u0161\u0107u multinacionalne kompanije Hipermarketi Coop te u nevladinom sektoru kao Glavna tajnica Hrvatske udruge za odnose s javno\u0161\u0107u. Osobito bogato iskustvo ima u podru\u010dju odnosa s medijima, [&hellip;]\" \/>\n<meta property=\"og:url\" content=\"https:\/\/equestris.hr\/eng\/o-nama\/tim\/koraljka-baricevic\/\" \/>\n<meta property=\"og:site_name\" content=\"EQUESTRIS\" \/>\n<meta property=\"article:modified_time\" content=\"2023-05-01T20:22:52+00:00\" \/>\n<meta property=\"og:image\" content=\"https:\/\/equestris.hr\/wp-content\/uploads\/2021\/04\/Koraljka-Baricevic-480x350-1-e1619098181423.jpg\" \/>\n<meta name=\"twitter:card\" content=\"summary_large_image\" \/>\n<meta name=\"twitter:label1\" content=\"Estimated reading time\" \/>\n\t<meta name=\"twitter:data1\" content=\"2 minutes\" \/>\n<script type=\"application\/ld+json\" class=\"yoast-schema-graph\">{\"@context\":\"https:\\\/\\\/schema.org\",\"@graph\":[{\"@type\":\"WebPage\",\"@id\":\"https:\\\/\\\/equestris.hr\\\/o-nama\\\/tim\\\/koraljka-baricevic\\\/\",\"url\":\"https:\\\/\\\/equestris.hr\\\/o-nama\\\/tim\\\/koraljka-baricevic\\\/\",\"name\":\"KORALJKA BARI\u010cEVI\u0106 - EQUESTRIS\",\"isPartOf\":{\"@id\":\"https:\\\/\\\/equestris.hr\\\/#website\"},\"primaryImageOfPage\":{\"@id\":\"https:\\\/\\\/equestris.hr\\\/o-nama\\\/tim\\\/koraljka-baricevic\\\/#primaryimage\"},\"image\":{\"@id\":\"https:\\\/\\\/equestris.hr\\\/o-nama\\\/tim\\\/koraljka-baricevic\\\/#primaryimage\"},\"thumbnailUrl\":\"https:\\\/\\\/equestris.hr\\\/wp-content\\\/uploads\\\/2021\\\/04\\\/Koraljka-Baricevic-480x350-1-e1619098181423.jpg\",\"datePublished\":\"2021-04-27T12:35:31+00:00\",\"dateModified\":\"2023-05-01T20:22:52+00:00\",\"breadcrumb\":{\"@id\":\"https:\\\/\\\/equestris.hr\\\/o-nama\\\/tim\\\/koraljka-baricevic\\\/#breadcrumb\"},\"inLanguage\":\"en-GB\",\"potentialAction\":[{\"@type\":\"ReadAction\",\"target\":[\"https:\\\/\\\/equestris.hr\\\/o-nama\\\/tim\\\/koraljka-baricevic\\\/\"]}]},{\"@type\":\"ImageObject\",\"inLanguage\":\"en-GB\",\"@id\":\"https:\\\/\\\/equestris.hr\\\/o-nama\\\/tim\\\/koraljka-baricevic\\\/#primaryimage\",\"url\":\"https:\\\/\\\/equestris.hr\\\/wp-content\\\/uploads\\\/2021\\\/04\\\/Koraljka-Baricevic-480x350-1-e1619098181423.jpg\",\"contentUrl\":\"https:\\\/\\\/equestris.hr\\\/wp-content\\\/uploads\\\/2021\\\/04\\\/Koraljka-Baricevic-480x350-1-e1619098181423.jpg\"},{\"@type\":\"BreadcrumbList\",\"@id\":\"https:\\\/\\\/equestris.hr\\\/o-nama\\\/tim\\\/koraljka-baricevic\\\/#breadcrumb\",\"itemListElement\":[{\"@type\":\"ListItem\",\"position\":1,\"name\":\"Home\",\"item\":\"https:\\\/\\\/equestris.hr\\\/\"},{\"@type\":\"ListItem\",\"position\":2,\"name\":\"O nama\",\"item\":\"https:\\\/\\\/equestris.hr\\\/o-nama\\\/\"},{\"@type\":\"ListItem\",\"position\":3,\"name\":\"Tim\",\"item\":\"https:\\\/\\\/equestris.hr\\\/o-nama\\\/tim\\\/\"},{\"@type\":\"ListItem\",\"position\":4,\"name\":\"KORALJKA BARI\u010cEVI\u0106\"}]},{\"@type\":\"WebSite\",\"@id\":\"https:\\\/\\\/equestris.hr\\\/#website\",\"url\":\"https:\\\/\\\/equestris.hr\\\/\",\"name\":\"EQUESTRIS\",\"description\":\"\",\"publisher\":{\"@id\":\"https:\\\/\\\/equestris.hr\\\/#organization\"},\"potentialAction\":[{\"@type\":\"SearchAction\",\"target\":{\"@type\":\"EntryPoint\",\"urlTemplate\":\"https:\\\/\\\/equestris.hr\\\/?s={search_term_string}\"},\"query-input\":{\"@type\":\"PropertyValueSpecification\",\"valueRequired\":true,\"valueName\":\"search_term_string\"}}],\"inLanguage\":\"en-GB\"},{\"@type\":\"Organization\",\"@id\":\"https:\\\/\\\/equestris.hr\\\/#organization\",\"name\":\"EQUESTRIS\",\"url\":\"https:\\\/\\\/equestris.hr\\\/\",\"logo\":{\"@type\":\"ImageObject\",\"inLanguage\":\"en-GB\",\"@id\":\"https:\\\/\\\/equestris.hr\\\/#\\\/schema\\\/logo\\\/image\\\/\",\"url\":\"https:\\\/\\\/equestris.hr\\\/wp-content\\\/uploads\\\/2021\\\/04\\\/cropped-eqestris-logo.png\",\"contentUrl\":\"https:\\\/\\\/equestris.hr\\\/wp-content\\\/uploads\\\/2021\\\/04\\\/cropped-eqestris-logo.png\",\"width\":246,\"height\":100,\"caption\":\"EQUESTRIS\"},\"image\":{\"@id\":\"https:\\\/\\\/equestris.hr\\\/#\\\/schema\\\/logo\\\/image\\\/\"}}]}<\/script>\n<!-- \/ Yoast SEO plugin. -->","yoast_head_json":{"title":"KORALJKA BARI\u010cEVI\u0106 - EQUESTRIS","robots":{"index":"index","follow":"follow","max-snippet":"max-snippet:-1","max-image-preview":"max-image-preview:large","max-video-preview":"max-video-preview:-1"},"canonical":"https:\/\/equestris.hr\/eng\/o-nama\/tim\/koraljka-baricevic\/","og_locale":"en_GB","og_type":"article","og_title":"KORALJKA BARI\u010cEVI\u0106 - EQUESTRIS","og_description":"KORALJKA BARI\u010cEVI\u0106 Client Services Director\u200b Kao profesor Informacijskih znanosti te talijanskog jezika i knji\u017eevnosti, profesionalno vi\u0161egodi\u0161nje iskustvo u komunikacijama stjecala je u korporativnom sektoru kao Voditelj odnosa s javno\u0161\u0107u multinacionalne kompanije Hipermarketi Coop te u nevladinom sektoru kao Glavna tajnica Hrvatske udruge za odnose s javno\u0161\u0107u. Osobito bogato iskustvo ima u podru\u010dju odnosa s medijima, [&hellip;]","og_url":"https:\/\/equestris.hr\/eng\/o-nama\/tim\/koraljka-baricevic\/","og_site_name":"EQUESTRIS","article_modified_time":"2023-05-01T20:22:52+00:00","og_image":[{"url":"https:\/\/equestris.hr\/wp-content\/uploads\/2021\/04\/Koraljka-Baricevic-480x350-1-e1619098181423.jpg","type":"","width":"","height":""}],"twitter_card":"summary_large_image","twitter_misc":{"Estimated reading time":"2 minutes"},"schema":{"@context":"https:\/\/schema.org","@graph":[{"@type":"WebPage","@id":"https:\/\/equestris.hr\/o-nama\/tim\/koraljka-baricevic\/","url":"https:\/\/equestris.hr\/o-nama\/tim\/koraljka-baricevic\/","name":"KORALJKA BARI\u010cEVI\u0106 - EQUESTRIS","isPartOf":{"@id":"https:\/\/equestris.hr\/#website"},"primaryImageOfPage":{"@id":"https:\/\/equestris.hr\/o-nama\/tim\/koraljka-baricevic\/#primaryimage"},"image":{"@id":"https:\/\/equestris.hr\/o-nama\/tim\/koraljka-baricevic\/#primaryimage"},"thumbnailUrl":"https:\/\/equestris.hr\/wp-content\/uploads\/2021\/04\/Koraljka-Baricevic-480x350-1-e1619098181423.jpg","datePublished":"2021-04-27T12:35:31+00:00","dateModified":"2023-05-01T20:22:52+00:00","breadcrumb":{"@id":"https:\/\/equestris.hr\/o-nama\/tim\/koraljka-baricevic\/#breadcrumb"},"inLanguage":"en-GB","potentialAction":[{"@type":"ReadAction","target":["https:\/\/equestris.hr\/o-nama\/tim\/koraljka-baricevic\/"]}]},{"@type":"ImageObject","inLanguage":"en-GB","@id":"https:\/\/equestris.hr\/o-nama\/tim\/koraljka-baricevic\/#primaryimage","url":"https:\/\/equestris.hr\/wp-content\/uploads\/2021\/04\/Koraljka-Baricevic-480x350-1-e1619098181423.jpg","contentUrl":"https:\/\/equestris.hr\/wp-content\/uploads\/2021\/04\/Koraljka-Baricevic-480x350-1-e1619098181423.jpg"},{"@type":"BreadcrumbList","@id":"https:\/\/equestris.hr\/o-nama\/tim\/koraljka-baricevic\/#breadcrumb","itemListElement":[{"@type":"ListItem","position":1,"name":"Home","item":"https:\/\/equestris.hr\/"},{"@type":"ListItem","position":2,"name":"O nama","item":"https:\/\/equestris.hr\/o-nama\/"},{"@type":"ListItem","position":3,"name":"Tim","item":"https:\/\/equestris.hr\/o-nama\/tim\/"},{"@type":"ListItem","position":4,"name":"KORALJKA BARI\u010cEVI\u0106"}]},{"@type":"WebSite","@id":"https:\/\/equestris.hr\/#website","url":"https:\/\/equestris.hr\/","name":"EQUESTRIS","description":"","publisher":{"@id":"https:\/\/equestris.hr\/#organization"},"potentialAction":[{"@type":"SearchAction","target":{"@type":"EntryPoint","urlTemplate":"https:\/\/equestris.hr\/?s={search_term_string}"},"query-input":{"@type":"PropertyValueSpecification","valueRequired":true,"valueName":"search_term_string"}}],"inLanguage":"en-GB"},{"@type":"Organization","@id":"https:\/\/equestris.hr\/#organization","name":"EQUESTRIS","url":"https:\/\/equestris.hr\/","logo":{"@type":"ImageObject","inLanguage":"en-GB","@id":"https:\/\/equestris.hr\/#\/schema\/logo\/image\/","url":"https:\/\/equestris.hr\/wp-content\/uploads\/2021\/04\/cropped-eqestris-logo.png","contentUrl":"https:\/\/equestris.hr\/wp-content\/uploads\/2021\/04\/cropped-eqestris-logo.png","width":246,"height":100,"caption":"EQUESTRIS"},"image":{"@id":"https:\/\/equestris.hr\/#\/schema\/logo\/image\/"}}]}},"_links":{"self":[{"href":"https:\/\/equestris.hr\/eng\/wp-json\/wp\/v2\/pages\/1575","targetHints":{"allow":["GET"]}}],"collection":[{"href":"https:\/\/equestris.hr\/eng\/wp-json\/wp\/v2\/pages"}],"about":[{"href":"https:\/\/equestris.hr\/eng\/wp-json\/wp\/v2\/types\/page"}],"author":[{"embeddable":true,"href":"https:\/\/equestris.hr\/eng\/wp-json\/wp\/v2\/users\/1"}],"replies":[{"embeddable":true,"href":"https:\/\/equestris.hr\/eng\/wp-json\/wp\/v2\/comments?post=1575"}],"version-history":[{"count":94,"href":"https:\/\/equestris.hr\/eng\/wp-json\/wp\/v2\/pages\/1575\/revisions"}],"predecessor-version":[{"id":9112,"href":"https:\/\/equestris.hr\/eng\/wp-json\/wp\/v2\/pages\/1575\/revisions\/9112"}],"up":[{"embeddable":true,"href":"https:\/\/equestris.hr\/eng\/wp-json\/wp\/v2\/pages\/1403"}],"wp:attachment":[{"href":"https:\/\/equestris.hr\/eng\/wp-json\/wp\/v2\/media?parent=1575"}],"curies":[{"name":"wp","href":"https:\/\/api.w.org\/{rel}","templated":true}]}}