{"id":1403,"date":"2021-04-26T10:41:03","date_gmt":"2021-04-26T10:41:03","guid":{"rendered":"https:\/\/na-ramenima-divova.com\/?page_id=1403"},"modified":"2023-05-01T19:54:17","modified_gmt":"2023-05-01T19:54:17","slug":"tim","status":"publish","type":"page","link":"https:\/\/equestris.hr\/eng\/o-nama\/tim\/","title":{"rendered":"Tim"},"content":{"rendered":"<div data-elementor-type=\"wp-page\" data-elementor-id=\"1403\" class=\"elementor elementor-1403\">\n\t\t\t\t\t\t<section class=\"elementor-section elementor-top-section elementor-element elementor-element-0c0e524 elementor-section-boxed elementor-section-height-default elementor-section-height-default\" data-id=\"0c0e524\" data-element_type=\"section\">\n\t\t\t\t\t\t<div class=\"elementor-container elementor-column-gap-default\">\n\t\t\t\t\t<div class=\"elementor-column elementor-col-100 elementor-top-column elementor-element elementor-element-1ba07af\" data-id=\"1ba07af\" data-element_type=\"column\">\n\t\t\t<div class=\"elementor-widget-wrap elementor-element-populated\">\n\t\t\t\t\t\t<div class=\"elementor-element elementor-element-6740b3a elementor-widget elementor-widget-heading\" data-id=\"6740b3a\" data-element_type=\"widget\" data-widget_type=\"heading.default\">\n\t\t\t\t<div class=\"elementor-widget-container\">\n\t\t\t\t\t<p class=\"elementor-heading-title elementor-size-default\">The EQUESTRIS Team<\/p>\t\t\t\t<\/div>\n\t\t\t\t<\/div>\n\t\t\t\t<div class=\"elementor-element elementor-element-bf02895 elementor-widget elementor-widget-text-editor\" data-id=\"bf02895\" data-element_type=\"widget\" data-widget_type=\"text-editor.default\">\n\t\t\t\t<div class=\"elementor-widget-container\">\n\t\t\t\t\t\t\t\t\t<p class=\"color_color_3 t1 sentence_stlye\">Our goal is to maximise business communication effectiveness by combining human knowledge and experience with the most advanced analytical and AI solutions. We strive to nurture a versatile team that cultivates a strong collaborative culture and allows us to achieve fast solutions with even the toughest business and communications challenges.<\/p>\t\t\t\t\t\t\t\t<\/div>\n\t\t\t\t<\/div>\n\t\t\t\t\t<\/div>\n\t\t<\/div>\n\t\t\t\t\t<\/div>\n\t\t<\/section>\n\t\t\t\t<section class=\"elementor-section elementor-top-section elementor-element elementor-element-6f30307 elementor-section-boxed elementor-section-height-default elementor-section-height-default\" data-id=\"6f30307\" data-element_type=\"section\">\n\t\t\t\t\t\t<div class=\"elementor-container elementor-column-gap-default\">\n\t\t\t\t\t<div class=\"elementor-column elementor-col-50 elementor-top-column elementor-element elementor-element-d63e442\" data-id=\"d63e442\" data-element_type=\"column\">\n\t\t\t<div class=\"elementor-widget-wrap elementor-element-populated\">\n\t\t\t\t\t\t<div class=\"elementor-element elementor-element-2c07222 elementor-position-top elementor-widget elementor-widget-image-box\" data-id=\"2c07222\" data-element_type=\"widget\" data-widget_type=\"image-box.default\">\n\t\t\t\t<div class=\"elementor-widget-container\">\n\t\t\t\t\t<div class=\"elementor-image-box-wrapper\"><figure class=\"elementor-image-box-img\"><a href=\"https:\/\/equestris.hr\/eng\/o-nama\/tim\/sandro-baricevic\/\" tabindex=\"-1\"><img fetchpriority=\"high\" decoding=\"async\" width=\"350\" height=\"350\" src=\"https:\/\/equestris.hr\/wp-content\/uploads\/2021\/04\/IMG_5030-480x350-1-e1619098160315.jpg\" class=\"attachment-full size-full wp-image-1189\" alt=\"\" srcset=\"https:\/\/equestris.hr\/wp-content\/uploads\/2021\/04\/IMG_5030-480x350-1-e1619098160315.jpg 350w, https:\/\/equestris.hr\/wp-content\/uploads\/2021\/04\/IMG_5030-480x350-1-e1619098160315-300x300.jpg 300w, https:\/\/equestris.hr\/wp-content\/uploads\/2021\/04\/IMG_5030-480x350-1-e1619098160315-100x100.jpg 100w, https:\/\/equestris.hr\/wp-content\/uploads\/2021\/04\/IMG_5030-480x350-1-e1619098160315-150x150.jpg 150w\" sizes=\"(max-width: 350px) 100vw, 350px\" \/><\/a><\/figure><div class=\"elementor-image-box-content\"><p class=\"elementor-image-box-title\"><a href=\"https:\/\/equestris.hr\/eng\/o-nama\/tim\/sandro-baricevic\/\">SANDRO BARI\u010cEVI\u0106<\/a><\/p><p class=\"elementor-image-box-description\">CEO<\/p><\/div><\/div>\t\t\t\t<\/div>\n\t\t\t\t<\/div>\n\t\t\t\t<div class=\"elementor-element elementor-element-ee885b3 elementor-widget-divider--view-line elementor-widget elementor-widget-divider\" data-id=\"ee885b3\" data-element_type=\"widget\" data-widget_type=\"divider.default\">\n\t\t\t\t<div class=\"elementor-widget-container\">\n\t\t\t\t\t\t\t<div class=\"elementor-divider\">\n\t\t\t<span class=\"elementor-divider-separator\">\n\t\t\t\t\t\t<\/span>\n\t\t<\/div>\n\t\t\t\t\t\t<\/div>\n\t\t\t\t<\/div>\n\t\t\t\t<div class=\"elementor-element elementor-element-8d8ff01 elementor-widget elementor-widget-text-editor\" data-id=\"8d8ff01\" data-element_type=\"widget\" data-widget_type=\"text-editor.default\">\n\t\t\t\t<div class=\"elementor-widget-container\">\n\t\t\t\t\t\t\t\t\t<p class=\"t2 color_color_5 text_svjedocanstva testimonial-text-center\"><em>EQUESTRIS is one of the leading agencies in Croatia providing services for strategy and communication.<\/em><\/p>\t\t\t\t\t\t\t\t<\/div>\n\t\t\t\t<\/div>\n\t\t\t\t\t<\/div>\n\t\t<\/div>\n\t\t\t\t<div class=\"elementor-column elementor-col-50 elementor-top-column elementor-element elementor-element-220a126\" data-id=\"220a126\" data-element_type=\"column\">\n\t\t\t<div class=\"elementor-widget-wrap elementor-element-populated\">\n\t\t\t\t\t\t<div class=\"elementor-element elementor-element-7b2e754 elementor-position-top elementor-widget elementor-widget-image-box\" data-id=\"7b2e754\" data-element_type=\"widget\" data-widget_type=\"image-box.default\">\n\t\t\t\t<div class=\"elementor-widget-container\">\n\t\t\t\t\t<div class=\"elementor-image-box-wrapper\"><figure class=\"elementor-image-box-img\"><a href=\"https:\/\/equestris.hr\/eng\/o-nama\/tim\/koraljka-baricevic\/\" tabindex=\"-1\"><img decoding=\"async\" width=\"350\" height=\"350\" src=\"https:\/\/equestris.hr\/wp-content\/uploads\/2021\/04\/Koraljka-Baricevic-480x350-1-e1619098181423.jpg\" class=\"attachment-full size-full wp-image-1191\" alt=\"\" srcset=\"https:\/\/equestris.hr\/wp-content\/uploads\/2021\/04\/Koraljka-Baricevic-480x350-1-e1619098181423.jpg 350w, https:\/\/equestris.hr\/wp-content\/uploads\/2021\/04\/Koraljka-Baricevic-480x350-1-e1619098181423-300x300.jpg 300w, https:\/\/equestris.hr\/wp-content\/uploads\/2021\/04\/Koraljka-Baricevic-480x350-1-e1619098181423-100x100.jpg 100w, https:\/\/equestris.hr\/wp-content\/uploads\/2021\/04\/Koraljka-Baricevic-480x350-1-e1619098181423-150x150.jpg 150w\" sizes=\"(max-width: 350px) 100vw, 350px\" \/><\/a><\/figure><div class=\"elementor-image-box-content\"><p class=\"elementor-image-box-title\"><a href=\"https:\/\/equestris.hr\/eng\/o-nama\/tim\/koraljka-baricevic\/\"> KORALJKA BARI\u010cEVI\u0106<\/a><\/p><p class=\"elementor-image-box-description\">Client Services Director<\/p><\/div><\/div>\t\t\t\t<\/div>\n\t\t\t\t<\/div>\n\t\t\t\t<div class=\"elementor-element elementor-element-4137cfc elementor-widget-divider--view-line elementor-widget elementor-widget-divider\" data-id=\"4137cfc\" data-element_type=\"widget\" data-widget_type=\"divider.default\">\n\t\t\t\t<div class=\"elementor-widget-container\">\n\t\t\t\t\t\t\t<div class=\"elementor-divider\">\n\t\t\t<span class=\"elementor-divider-separator\">\n\t\t\t\t\t\t<\/span>\n\t\t<\/div>\n\t\t\t\t\t\t<\/div>\n\t\t\t\t<\/div>\n\t\t\t\t<div class=\"elementor-element elementor-element-38d0da3 elementor-widget elementor-widget-text-editor\" data-id=\"38d0da3\" data-element_type=\"widget\" data-widget_type=\"text-editor.default\">\n\t\t\t\t<div class=\"elementor-widget-container\">\n\t\t\t\t\t\t\t\t\t<p class=\"t2 color_color_5 text_svjedocanstva testimonial-text-center\">We enable our clients to communicate precisely, authentically and clearly which is essential for making sound business decisions!<\/p>\t\t\t\t\t\t\t\t<\/div>\n\t\t\t\t<\/div>\n\t\t\t\t\t<\/div>\n\t\t<\/div>\n\t\t\t\t\t<\/div>\n\t\t<\/section>\n\t\t\t\t<section class=\"elementor-section elementor-top-section elementor-element elementor-element-1d4b2a8 elementor-section-boxed elementor-section-height-default elementor-section-height-default\" data-id=\"1d4b2a8\" data-element_type=\"section\">\n\t\t\t\t\t\t<div class=\"elementor-container elementor-column-gap-default\">\n\t\t\t\t\t<div class=\"elementor-column elementor-col-50 elementor-top-column elementor-element elementor-element-5ae14fe\" data-id=\"5ae14fe\" data-element_type=\"column\">\n\t\t\t<div class=\"elementor-widget-wrap elementor-element-populated\">\n\t\t\t\t\t\t<div class=\"elementor-element elementor-element-3c59ef0 elementor-position-top elementor-widget elementor-widget-image-box\" data-id=\"3c59ef0\" data-element_type=\"widget\" data-widget_type=\"image-box.default\">\n\t\t\t\t<div class=\"elementor-widget-container\">\n\t\t\t\t\t<div class=\"elementor-image-box-wrapper\"><figure class=\"elementor-image-box-img\"><a href=\"https:\/\/equestris.hr\/eng\/o-nama\/tim\/lana-krnic\/\" tabindex=\"-1\"><img decoding=\"async\" width=\"1855\" height=\"1855\" src=\"https:\/\/equestris.hr\/wp-content\/uploads\/2022\/01\/Lana-Krnic-photo.jpg\" class=\"attachment-full size-full wp-image-6979\" alt=\"\" srcset=\"https:\/\/equestris.hr\/wp-content\/uploads\/2022\/01\/Lana-Krnic-photo.jpg 1855w, https:\/\/equestris.hr\/wp-content\/uploads\/2022\/01\/Lana-Krnic-photo-300x300.jpg 300w, https:\/\/equestris.hr\/wp-content\/uploads\/2022\/01\/Lana-Krnic-photo-1024x1024.jpg 1024w, https:\/\/equestris.hr\/wp-content\/uploads\/2022\/01\/Lana-Krnic-photo-150x150.jpg 150w, https:\/\/equestris.hr\/wp-content\/uploads\/2022\/01\/Lana-Krnic-photo-768x768.jpg 768w, https:\/\/equestris.hr\/wp-content\/uploads\/2022\/01\/Lana-Krnic-photo-1536x1536.jpg 1536w, https:\/\/equestris.hr\/wp-content\/uploads\/2022\/01\/Lana-Krnic-photo-12x12.jpg 12w, https:\/\/equestris.hr\/wp-content\/uploads\/2022\/01\/Lana-Krnic-photo-600x600.jpg 600w, https:\/\/equestris.hr\/wp-content\/uploads\/2022\/01\/Lana-Krnic-photo-100x100.jpg 100w\" sizes=\"(max-width: 1855px) 100vw, 1855px\" \/><\/a><\/figure><div class=\"elementor-image-box-content\"><p class=\"elementor-image-box-title\"><a href=\"https:\/\/equestris.hr\/eng\/o-nama\/tim\/lana-krnic\/\">LANA KRNIC<\/a><\/p><p class=\"elementor-image-box-description\">Head of Communications<\/p><\/div><\/div>\t\t\t\t<\/div>\n\t\t\t\t<\/div>\n\t\t\t\t<div class=\"elementor-element elementor-element-b866673 elementor-widget-divider--view-line elementor-widget elementor-widget-divider\" data-id=\"b866673\" data-element_type=\"widget\" data-widget_type=\"divider.default\">\n\t\t\t\t<div class=\"elementor-widget-container\">\n\t\t\t\t\t\t\t<div class=\"elementor-divider\">\n\t\t\t<span class=\"elementor-divider-separator\">\n\t\t\t\t\t\t<\/span>\n\t\t<\/div>\n\t\t\t\t\t\t<\/div>\n\t\t\t\t<\/div>\n\t\t\t\t<div class=\"elementor-element elementor-element-7de297e elementor-widget elementor-widget-text-editor\" data-id=\"7de297e\" data-element_type=\"widget\" data-widget_type=\"text-editor.default\">\n\t\t\t\t<div class=\"elementor-widget-container\">\n\t\t\t\t\t\t\t\t\t<p>A stimulating work environment, a constant desire for knowledge, excellent preparation and research are the foundations of every successful campaign!<\/p>\t\t\t\t\t\t\t\t<\/div>\n\t\t\t\t<\/div>\n\t\t\t\t\t<\/div>\n\t\t<\/div>\n\t\t\t\t<div class=\"elementor-column elementor-col-50 elementor-top-column elementor-element elementor-element-7574d9c\" data-id=\"7574d9c\" data-element_type=\"column\">\n\t\t\t<div class=\"elementor-widget-wrap elementor-element-populated\">\n\t\t\t\t\t\t<div class=\"elementor-element elementor-element-d24df6c elementor-position-top elementor-widget elementor-widget-image-box\" data-id=\"d24df6c\" data-element_type=\"widget\" data-widget_type=\"image-box.default\">\n\t\t\t\t<div class=\"elementor-widget-container\">\n\t\t\t\t\t<div class=\"elementor-image-box-wrapper\"><figure class=\"elementor-image-box-img\"><a href=\"https:\/\/equestris.hr\/eng\/o-nama\/tim\/ilan-nestic\/\" tabindex=\"-1\"><img loading=\"lazy\" decoding=\"async\" width=\"1573\" height=\"1574\" src=\"https:\/\/equestris.hr\/wp-content\/uploads\/2023\/05\/Ilan-Nestic-Equestris.jpg\" class=\"attachment-full size-full wp-image-9065\" alt=\"Ilan Nesti\u0107 Equestris\" srcset=\"https:\/\/equestris.hr\/wp-content\/uploads\/2023\/05\/Ilan-Nestic-Equestris.jpg 1573w, https:\/\/equestris.hr\/wp-content\/uploads\/2023\/05\/Ilan-Nestic-Equestris-300x300.jpg 300w, https:\/\/equestris.hr\/wp-content\/uploads\/2023\/05\/Ilan-Nestic-Equestris-1024x1024.jpg 1024w, https:\/\/equestris.hr\/wp-content\/uploads\/2023\/05\/Ilan-Nestic-Equestris-150x150.jpg 150w, https:\/\/equestris.hr\/wp-content\/uploads\/2023\/05\/Ilan-Nestic-Equestris-768x768.jpg 768w, https:\/\/equestris.hr\/wp-content\/uploads\/2023\/05\/Ilan-Nestic-Equestris-1536x1536.jpg 1536w, https:\/\/equestris.hr\/wp-content\/uploads\/2023\/05\/Ilan-Nestic-Equestris-12x12.jpg 12w, https:\/\/equestris.hr\/wp-content\/uploads\/2023\/05\/Ilan-Nestic-Equestris-600x600.jpg 600w, https:\/\/equestris.hr\/wp-content\/uploads\/2023\/05\/Ilan-Nestic-Equestris-100x100.jpg 100w\" sizes=\"(max-width: 1573px) 100vw, 1573px\" \/><\/a><\/figure><div class=\"elementor-image-box-content\"><p class=\"elementor-image-box-title\"><a href=\"https:\/\/equestris.hr\/eng\/o-nama\/tim\/ilan-nestic\/\">ILAN NESTI\u0106<\/a><\/p><p class=\"elementor-image-box-description\">Data Analyst<\/p><\/div><\/div>\t\t\t\t<\/div>\n\t\t\t\t<\/div>\n\t\t\t\t<div class=\"elementor-element elementor-element-acb45b4 elementor-widget-divider--view-line elementor-widget elementor-widget-divider\" data-id=\"acb45b4\" data-element_type=\"widget\" data-widget_type=\"divider.default\">\n\t\t\t\t<div class=\"elementor-widget-container\">\n\t\t\t\t\t\t\t<div class=\"elementor-divider\">\n\t\t\t<span class=\"elementor-divider-separator\">\n\t\t\t\t\t\t<\/span>\n\t\t<\/div>\n\t\t\t\t\t\t<\/div>\n\t\t\t\t<\/div>\n\t\t\t\t<div class=\"elementor-element elementor-element-8299a2e elementor-widget elementor-widget-text-editor\" data-id=\"8299a2e\" data-element_type=\"widget\" data-widget_type=\"text-editor.default\">\n\t\t\t\t<div class=\"elementor-widget-container\">\n\t\t\t\t\t\t\t\t\t<p>Precise and thorough data collection and analysis are the foundation of the strategy for meaningful changes and development.<\/p>\t\t\t\t\t\t\t\t<\/div>\n\t\t\t\t<\/div>\n\t\t\t\t\t<\/div>\n\t\t<\/div>\n\t\t\t\t\t<\/div>\n\t\t<\/section>\n\t\t\t\t<\/div>","protected":false},"excerpt":{"rendered":"<p>EQUESTRIS Tim \u017delja nam je maksimalno pove\u0107ati u\u010dinak poslovne komunikacije kroz kombinaciju ljudskog znanja i iskustva s najsuvremenijim rje\u0161enjima umjetne inteligencije. U EQUESTRIS-u razvijamo svestrani tim s odli\u010dnom internom komunikacijom i me\u0111usobnom podr\u0161kom koja pridonosi brzom rje\u0161avanju najslo\u017eenijih izazova i zadataka. SANDRO BARI\u010cEVI\u0106 CEO EQUESTRIS je me\u0111u vode\u0107im agencijama za pru\u017eanje strate\u0161kih i komunikacijskih usluga [&hellip;]<\/p>","protected":false},"author":1,"featured_media":0,"parent":1381,"menu_order":0,"comment_status":"closed","ping_status":"closed","template":"","meta":{"_monsterinsights_skip_tracking":false,"_monsterinsights_sitenote_active":false,"_monsterinsights_sitenote_note":"","_monsterinsights_sitenote_category":0,"site-sidebar-layout":"no-sidebar","site-content-layout":"page-builder","ast-site-content-layout":"","site-content-style":"default","site-sidebar-style":"default","ast-global-header-display":"","ast-banner-title-visibility":"","ast-main-header-display":"","ast-hfb-above-header-display":"","ast-hfb-below-header-display":"","ast-hfb-mobile-header-display":"","site-post-title":"disabled","ast-breadcrumbs-content":"","ast-featured-img":"disabled","footer-sml-layout":"","theme-transparent-header-meta":"default","adv-header-id-meta":"","stick-header-meta":"","header-above-stick-meta":"","header-main-stick-meta":"","header-below-stick-meta":"","astra-migrate-meta-layouts":"default","ast-page-background-enabled":"default","ast-page-background-meta":{"desktop":{"background-color":"var(--ast-global-color-4)","background-image":"","background-repeat":"repeat","background-position":"center center","background-size":"auto","background-attachment":"scroll","background-type":"","background-media":"","overlay-type":"","overlay-color":"","overlay-opacity":"","overlay-gradient":""},"tablet":{"background-color":"","background-image":"","background-repeat":"repeat","background-position":"center center","background-size":"auto","background-attachment":"scroll","background-type":"","background-media":"","overlay-type":"","overlay-color":"","overlay-opacity":"","overlay-gradient":""},"mobile":{"background-color":"","background-image":"","background-repeat":"repeat","background-position":"center center","background-size":"auto","background-attachment":"scroll","background-type":"","background-media":"","overlay-type":"","overlay-color":"","overlay-opacity":"","overlay-gradient":""}},"ast-content-background-meta":{"desktop":{"background-color":"var(--ast-global-color-5)","background-image":"","background-repeat":"repeat","background-position":"center center","background-size":"auto","background-attachment":"scroll","background-type":"","background-media":"","overlay-type":"","overlay-color":"","overlay-opacity":"","overlay-gradient":""},"tablet":{"background-color":"var(--ast-global-color-5)","background-image":"","background-repeat":"repeat","background-position":"center center","background-size":"auto","background-attachment":"scroll","background-type":"","background-media":"","overlay-type":"","overlay-color":"","overlay-opacity":"","overlay-gradient":""},"mobile":{"background-color":"var(--ast-global-color-5)","background-image":"","background-repeat":"repeat","background-position":"center center","background-size":"auto","background-attachment":"scroll","background-type":"","background-media":"","overlay-type":"","overlay-color":"","overlay-opacity":"","overlay-gradient":""}},"footnotes":""},"class_list":["post-1403","page","type-page","status-publish","hentry"],"yoast_head":"<!-- This site is optimized with the Yoast SEO plugin v27.4 - https:\/\/yoast.com\/product\/yoast-seo-wordpress\/ -->\n<title>Tim - EQUESTRIS<\/title>\n<meta name=\"robots\" content=\"index, follow, max-snippet:-1, max-image-preview:large, max-video-preview:-1\" \/>\n<link rel=\"canonical\" href=\"https:\/\/equestris.hr\/eng\/o-nama\/tim\/\" \/>\n<meta property=\"og:locale\" content=\"en_GB\" \/>\n<meta property=\"og:type\" content=\"article\" \/>\n<meta property=\"og:title\" content=\"Tim - EQUESTRIS\" \/>\n<meta property=\"og:description\" content=\"EQUESTRIS Tim \u017delja nam je maksimalno pove\u0107ati u\u010dinak poslovne komunikacije kroz kombinaciju ljudskog znanja i iskustva s najsuvremenijim rje\u0161enjima umjetne inteligencije. U EQUESTRIS-u razvijamo svestrani tim s odli\u010dnom internom komunikacijom i me\u0111usobnom podr\u0161kom koja pridonosi brzom rje\u0161avanju najslo\u017eenijih izazova i zadataka. SANDRO BARI\u010cEVI\u0106 CEO EQUESTRIS je me\u0111u vode\u0107im agencijama za pru\u017eanje strate\u0161kih i komunikacijskih usluga [&hellip;]\" \/>\n<meta property=\"og:url\" content=\"https:\/\/equestris.hr\/eng\/o-nama\/tim\/\" \/>\n<meta property=\"og:site_name\" content=\"EQUESTRIS\" \/>\n<meta property=\"article:modified_time\" content=\"2023-05-01T19:54:17+00:00\" \/>\n<meta property=\"og:image\" content=\"https:\/\/equestris.hr\/wp-content\/uploads\/2021\/04\/IMG_5030-480x350-1-e1619098160315.jpg\" \/>\n<meta name=\"twitter:card\" content=\"summary_large_image\" \/>\n<script type=\"application\/ld+json\" class=\"yoast-schema-graph\">{\"@context\":\"https:\\\/\\\/schema.org\",\"@graph\":[{\"@type\":\"WebPage\",\"@id\":\"https:\\\/\\\/equestris.hr\\\/o-nama\\\/tim\\\/\",\"url\":\"https:\\\/\\\/equestris.hr\\\/o-nama\\\/tim\\\/\",\"name\":\"Tim - EQUESTRIS\",\"isPartOf\":{\"@id\":\"https:\\\/\\\/equestris.hr\\\/#website\"},\"primaryImageOfPage\":{\"@id\":\"https:\\\/\\\/equestris.hr\\\/o-nama\\\/tim\\\/#primaryimage\"},\"image\":{\"@id\":\"https:\\\/\\\/equestris.hr\\\/o-nama\\\/tim\\\/#primaryimage\"},\"thumbnailUrl\":\"https:\\\/\\\/equestris.hr\\\/wp-content\\\/uploads\\\/2021\\\/04\\\/IMG_5030-480x350-1-e1619098160315.jpg\",\"datePublished\":\"2021-04-26T10:41:03+00:00\",\"dateModified\":\"2023-05-01T19:54:17+00:00\",\"breadcrumb\":{\"@id\":\"https:\\\/\\\/equestris.hr\\\/o-nama\\\/tim\\\/#breadcrumb\"},\"inLanguage\":\"en-GB\",\"potentialAction\":[{\"@type\":\"ReadAction\",\"target\":[\"https:\\\/\\\/equestris.hr\\\/o-nama\\\/tim\\\/\"]}]},{\"@type\":\"ImageObject\",\"inLanguage\":\"en-GB\",\"@id\":\"https:\\\/\\\/equestris.hr\\\/o-nama\\\/tim\\\/#primaryimage\",\"url\":\"https:\\\/\\\/equestris.hr\\\/wp-content\\\/uploads\\\/2021\\\/04\\\/IMG_5030-480x350-1-e1619098160315.jpg\",\"contentUrl\":\"https:\\\/\\\/equestris.hr\\\/wp-content\\\/uploads\\\/2021\\\/04\\\/IMG_5030-480x350-1-e1619098160315.jpg\"},{\"@type\":\"BreadcrumbList\",\"@id\":\"https:\\\/\\\/equestris.hr\\\/o-nama\\\/tim\\\/#breadcrumb\",\"itemListElement\":[{\"@type\":\"ListItem\",\"position\":1,\"name\":\"Home\",\"item\":\"https:\\\/\\\/equestris.hr\\\/\"},{\"@type\":\"ListItem\",\"position\":2,\"name\":\"O nama\",\"item\":\"https:\\\/\\\/equestris.hr\\\/o-nama\\\/\"},{\"@type\":\"ListItem\",\"position\":3,\"name\":\"Tim\"}]},{\"@type\":\"WebSite\",\"@id\":\"https:\\\/\\\/equestris.hr\\\/#website\",\"url\":\"https:\\\/\\\/equestris.hr\\\/\",\"name\":\"EQUESTRIS\",\"description\":\"\",\"publisher\":{\"@id\":\"https:\\\/\\\/equestris.hr\\\/#organization\"},\"potentialAction\":[{\"@type\":\"SearchAction\",\"target\":{\"@type\":\"EntryPoint\",\"urlTemplate\":\"https:\\\/\\\/equestris.hr\\\/?s={search_term_string}\"},\"query-input\":{\"@type\":\"PropertyValueSpecification\",\"valueRequired\":true,\"valueName\":\"search_term_string\"}}],\"inLanguage\":\"en-GB\"},{\"@type\":\"Organization\",\"@id\":\"https:\\\/\\\/equestris.hr\\\/#organization\",\"name\":\"EQUESTRIS\",\"url\":\"https:\\\/\\\/equestris.hr\\\/\",\"logo\":{\"@type\":\"ImageObject\",\"inLanguage\":\"en-GB\",\"@id\":\"https:\\\/\\\/equestris.hr\\\/#\\\/schema\\\/logo\\\/image\\\/\",\"url\":\"https:\\\/\\\/equestris.hr\\\/wp-content\\\/uploads\\\/2021\\\/04\\\/cropped-eqestris-logo.png\",\"contentUrl\":\"https:\\\/\\\/equestris.hr\\\/wp-content\\\/uploads\\\/2021\\\/04\\\/cropped-eqestris-logo.png\",\"width\":246,\"height\":100,\"caption\":\"EQUESTRIS\"},\"image\":{\"@id\":\"https:\\\/\\\/equestris.hr\\\/#\\\/schema\\\/logo\\\/image\\\/\"}}]}<\/script>\n<!-- \/ Yoast SEO plugin. -->","yoast_head_json":{"title":"Tim - EQUESTRIS","robots":{"index":"index","follow":"follow","max-snippet":"max-snippet:-1","max-image-preview":"max-image-preview:large","max-video-preview":"max-video-preview:-1"},"canonical":"https:\/\/equestris.hr\/eng\/o-nama\/tim\/","og_locale":"en_GB","og_type":"article","og_title":"Tim - EQUESTRIS","og_description":"EQUESTRIS Tim \u017delja nam je maksimalno pove\u0107ati u\u010dinak poslovne komunikacije kroz kombinaciju ljudskog znanja i iskustva s najsuvremenijim rje\u0161enjima umjetne inteligencije. U EQUESTRIS-u razvijamo svestrani tim s odli\u010dnom internom komunikacijom i me\u0111usobnom podr\u0161kom koja pridonosi brzom rje\u0161avanju najslo\u017eenijih izazova i zadataka. SANDRO BARI\u010cEVI\u0106 CEO EQUESTRIS je me\u0111u vode\u0107im agencijama za pru\u017eanje strate\u0161kih i komunikacijskih usluga [&hellip;]","og_url":"https:\/\/equestris.hr\/eng\/o-nama\/tim\/","og_site_name":"EQUESTRIS","article_modified_time":"2023-05-01T19:54:17+00:00","og_image":[{"url":"https:\/\/equestris.hr\/wp-content\/uploads\/2021\/04\/IMG_5030-480x350-1-e1619098160315.jpg","type":"","width":"","height":""}],"twitter_card":"summary_large_image","schema":{"@context":"https:\/\/schema.org","@graph":[{"@type":"WebPage","@id":"https:\/\/equestris.hr\/o-nama\/tim\/","url":"https:\/\/equestris.hr\/o-nama\/tim\/","name":"Tim - EQUESTRIS","isPartOf":{"@id":"https:\/\/equestris.hr\/#website"},"primaryImageOfPage":{"@id":"https:\/\/equestris.hr\/o-nama\/tim\/#primaryimage"},"image":{"@id":"https:\/\/equestris.hr\/o-nama\/tim\/#primaryimage"},"thumbnailUrl":"https:\/\/equestris.hr\/wp-content\/uploads\/2021\/04\/IMG_5030-480x350-1-e1619098160315.jpg","datePublished":"2021-04-26T10:41:03+00:00","dateModified":"2023-05-01T19:54:17+00:00","breadcrumb":{"@id":"https:\/\/equestris.hr\/o-nama\/tim\/#breadcrumb"},"inLanguage":"en-GB","potentialAction":[{"@type":"ReadAction","target":["https:\/\/equestris.hr\/o-nama\/tim\/"]}]},{"@type":"ImageObject","inLanguage":"en-GB","@id":"https:\/\/equestris.hr\/o-nama\/tim\/#primaryimage","url":"https:\/\/equestris.hr\/wp-content\/uploads\/2021\/04\/IMG_5030-480x350-1-e1619098160315.jpg","contentUrl":"https:\/\/equestris.hr\/wp-content\/uploads\/2021\/04\/IMG_5030-480x350-1-e1619098160315.jpg"},{"@type":"BreadcrumbList","@id":"https:\/\/equestris.hr\/o-nama\/tim\/#breadcrumb","itemListElement":[{"@type":"ListItem","position":1,"name":"Home","item":"https:\/\/equestris.hr\/"},{"@type":"ListItem","position":2,"name":"O nama","item":"https:\/\/equestris.hr\/o-nama\/"},{"@type":"ListItem","position":3,"name":"Tim"}]},{"@type":"WebSite","@id":"https:\/\/equestris.hr\/#website","url":"https:\/\/equestris.hr\/","name":"EQUESTRIS","description":"","publisher":{"@id":"https:\/\/equestris.hr\/#organization"},"potentialAction":[{"@type":"SearchAction","target":{"@type":"EntryPoint","urlTemplate":"https:\/\/equestris.hr\/?s={search_term_string}"},"query-input":{"@type":"PropertyValueSpecification","valueRequired":true,"valueName":"search_term_string"}}],"inLanguage":"en-GB"},{"@type":"Organization","@id":"https:\/\/equestris.hr\/#organization","name":"EQUESTRIS","url":"https:\/\/equestris.hr\/","logo":{"@type":"ImageObject","inLanguage":"en-GB","@id":"https:\/\/equestris.hr\/#\/schema\/logo\/image\/","url":"https:\/\/equestris.hr\/wp-content\/uploads\/2021\/04\/cropped-eqestris-logo.png","contentUrl":"https:\/\/equestris.hr\/wp-content\/uploads\/2021\/04\/cropped-eqestris-logo.png","width":246,"height":100,"caption":"EQUESTRIS"},"image":{"@id":"https:\/\/equestris.hr\/#\/schema\/logo\/image\/"}}]}},"_links":{"self":[{"href":"https:\/\/equestris.hr\/eng\/wp-json\/wp\/v2\/pages\/1403","targetHints":{"allow":["GET"]}}],"collection":[{"href":"https:\/\/equestris.hr\/eng\/wp-json\/wp\/v2\/pages"}],"about":[{"href":"https:\/\/equestris.hr\/eng\/wp-json\/wp\/v2\/types\/page"}],"author":[{"embeddable":true,"href":"https:\/\/equestris.hr\/eng\/wp-json\/wp\/v2\/users\/1"}],"replies":[{"embeddable":true,"href":"https:\/\/equestris.hr\/eng\/wp-json\/wp\/v2\/comments?post=1403"}],"version-history":[{"count":139,"href":"https:\/\/equestris.hr\/eng\/wp-json\/wp\/v2\/pages\/1403\/revisions"}],"predecessor-version":[{"id":9076,"href":"https:\/\/equestris.hr\/eng\/wp-json\/wp\/v2\/pages\/1403\/revisions\/9076"}],"up":[{"embeddable":true,"href":"https:\/\/equestris.hr\/eng\/wp-json\/wp\/v2\/pages\/1381"}],"wp:attachment":[{"href":"https:\/\/equestris.hr\/eng\/wp-json\/wp\/v2\/media?parent=1403"}],"curies":[{"name":"wp","href":"https:\/\/api.w.org\/{rel}","templated":true}]}}